{"id":218,"date":"2014-08-16T17:46:31","date_gmt":"2014-08-16T15:46:31","guid":{"rendered":"http:\/\/www.florianicompagnoni.com\/home\/?page_id=218"},"modified":"2022-12-17T23:37:55","modified_gmt":"2022-12-17T22:37:55","slug":"pubblicazioni","status":"publish","type":"page","link":"https:\/\/archiviocompagnonifloriani.com\/home\/pubblicazioni\/","title":{"rendered":"Pubblicazioni"},"content":{"rendered":"<p><img loading=\"lazy\" decoding=\"async\" class=\"alignnone wp-image-219\" src=\"http:\/\/www.archiviocompagnonifloriani.com\/home\/wp-content\/uploads\/2014\/08\/macchina_stampa.jpg\" alt=\"\" width=\"260\" height=\"318\" data-id=\"219\" \/><\/p>\n<hr \/>\n<p style=\"text-align: justify;\"><img loading=\"lazy\" decoding=\"async\" class=\"alignleft size-full wp-image-220\" src=\"http:\/\/www.archiviocompagnonifloriani.com\/home\/wp-content\/uploads\/2014\/08\/biografico.jpg\" alt=\"\" width=\"108\" height=\"165\" data-id=\"220\" \/>Giuseppe Adami, <i>Pompeo Floriani<\/i> e <i>Pietro Paolo Floriani<\/i>, voci biografiche in <i>Dizionario Biografico degli Italiani<\/i>, vol. XLVIII, Roma, Istituto dell\u2019Enciclopedia Italiana, 1997, pp. 330-336<\/p>\n<p>&nbsp;<\/p>\n<p>&nbsp;<\/p>\n<p>&nbsp;<\/p>\n<p>&nbsp;<\/p>\n<p style=\"text-align: justify;\"><img loading=\"lazy\" decoding=\"async\" class=\"alignleft size-full wp-image-221\" src=\"http:\/\/www.archiviocompagnonifloriani.com\/home\/wp-content\/uploads\/2014\/08\/barocke_inszenierung_1.jpg\" alt=\"\" width=\"129\" height=\"194\" data-id=\"221\" \/>Giuseppe Adami, <i>L\u2019ingegnere-scenografo e l\u2019ingegnere-venturiero. Le \u2018macchine e le scene di Francesco Guitti ideate per il torneo de La Contesa: Ferrara<\/i> 1631, in <i>Barocke Inszenierung: Akten des Internationalen Forschungscolloquiums an der Technischen Universit\u00e4t Berlin, 20.-22. Juni 1996<\/i>, Emsdetten\/Z\u00fcrich, 1999, pp. 158-189<\/p>\n<p>&nbsp;<\/p>\n<p>&nbsp;<\/p>\n<p>&nbsp;<\/p>\n<p>&nbsp;<\/p>\n<p style=\"text-align: justify;\"><img loading=\"lazy\" decoding=\"async\" class=\"alignleft size-full wp-image-222\" src=\"http:\/\/www.archiviocompagnonifloriani.com\/home\/wp-content\/uploads\/2014\/08\/scenografia_e_scenotecnica_barocca_1.jpg\" alt=\"\" width=\"150\" height=\"196\" data-id=\"222\" \/>Giuseppe Adami, <i>Scenografia e scenotecnica barocca tra Ferrara e Parma (1625-1631)<\/i>, Roma, \u201cL\u2019Erma\u201d di Bretschneider, 2003 (monografia)<\/p>\n<p>&nbsp;<\/p>\n<p>&nbsp;<\/p>\n<p>&nbsp;<\/p>\n<p>&nbsp;<\/p>\n<p>&nbsp;<\/p>\n<p style=\"text-align: justify;\"><img loading=\"lazy\" decoding=\"async\" class=\"alignleft wp-image-223 size-full\" src=\"http:\/\/www.archiviocompagnonifloriani.com\/home\/wp-content\/uploads\/2014\/08\/pietro_paolo_floriani_tra_spalti_e_scene_1.jpg\" alt=\"\" width=\"130\" height=\"160\" data-id=\"223\" \/>Giuseppe Adami, <i>Pietro Paolo Floriani fra spalti e scene<\/i>, Macerata, Fondazione Carima, 2006 (monografia)<\/p>\n<p>&nbsp;<\/p>\n<p>&nbsp;<\/p>\n<p>&nbsp;<\/p>\n<p>&nbsp;<\/p>\n<p>&nbsp;<\/p>\n<p style=\"text-align: justify;\"><img loading=\"lazy\" decoding=\"async\" class=\"alignleft wp-image-224 size-full\" src=\"http:\/\/www.archiviocompagnonifloriani.com\/home\/wp-content\/uploads\/2014\/08\/aleandri_1.jpg\" alt=\"\" width=\"150\" height=\"167\" data-id=\"224\" \/><b>Ireneo Aleandri (1795-1885)<\/b><br \/>\nMonografia a cura di Luca Maria Cristini e Fabio Mariano &#8211; Ed. Electa Mondadori, 2004 &#8211; Collana \u201cArchitettura varia\u201d<br \/>\nDurante la permanenza romana Ireneo Aleandri progetta il suo primo lavoro, Palazzo Compagnoni di Macerata (1819), del quale, distrutto nel primo dopoguerra, viene esposto un album di disegni fino ad oggi inedito, concesso dall&#8217;Associazione Archivio Compagnoni Floriani di Villamagna.<\/p>\n<p>&nbsp;<\/p>\n<p>&nbsp;<\/p>\n<p style=\"text-align: justify;\"><img loading=\"lazy\" decoding=\"async\" class=\"alignleft size-full wp-image-225\" src=\"http:\/\/www.archiviocompagnonifloriani.com\/home\/wp-content\/uploads\/2014\/08\/barile_reggia_1.jpg\" alt=\"\" width=\"141\" height=\"197\" data-id=\"225\" \/><b>La Reggia Picena ovvero de&#8217; Presidi della Marca<\/b><br \/>\nautore Pompeo Compagnoni<br \/>\na cura di Nicola Lorenzo Barile &#8211; Betto Salvucci &#8211; Lorenza Iommi<br \/>\nGrafiche Ciocca, Macerata 2005<\/p>\n<p>&nbsp;<\/p>\n<p>&nbsp;<\/p>\n<p>&nbsp;<\/p>\n<p>&nbsp;<\/p>\n<p>&nbsp;<\/p>\n<p style=\"text-align: justify;\"><img loading=\"lazy\" decoding=\"async\" class=\"alignleft wp-image-226\" src=\"http:\/\/www.archiviocompagnonifloriani.com\/home\/wp-content\/uploads\/2014\/08\/barile_reggia_2.jpg\" alt=\"\" width=\"136\" height=\"194\" data-id=\"226\" srcset=\"https:\/\/archiviocompagnonifloriani.com\/home\/wp-content\/uploads\/2014\/08\/barile_reggia_2.jpg 250w, https:\/\/archiviocompagnonifloriani.com\/home\/wp-content\/uploads\/2014\/08\/barile_reggia_2-210x300.jpg 210w\" sizes=\"(max-width: 136px) 100vw, 136px\" \/><b>La Reggia Picena ovvero de&#8217; Presidi della Marca<\/b><br \/>\nParte Seconda Inedita<br \/>\nautore Pompeo Compagnoni<br \/>\na cura di Nicola Lorenzo Barile &#8211; Betto Salvucci &#8211; Lorenza Iommi<br \/>\nGrafiche Ciocca, Macerata 2006<\/p>\n<p>&nbsp;<\/p>\n<p>&nbsp;<\/p>\n<p>&nbsp;<\/p>\n<p>&nbsp;<\/p>\n<p style=\"text-align: justify;\"><img loading=\"lazy\" decoding=\"async\" class=\"alignleft wp-image-227 size-full\" src=\"http:\/\/www.archiviocompagnonifloriani.com\/home\/wp-content\/uploads\/2014\/08\/capici2.jpg\" alt=\"\" width=\"123\" height=\"174\" data-id=\"227\" \/>Pompeo Floriani, <i>Discorso intorno all\u2019isola di Malta, e di ci\u00f2 che potr\u00e0 succedere tentando il Turco tal impresa<\/i> (1576), ristampa anastatica a cura di Giancarlo Capici, introduzione di Giuseppe Adami , Roma, Pilaedit, 1999<br \/>\nPompeo Floriani, <i>Discorso della Goletta et del Forte di Tunisi con quello che pu\u00f2 forsi succedere quando il Turco tenti tale impresa<\/i> (1574), ristampa anastatica a cura di Giancarlo Capici, Roma Pilaedit, 2000<\/p>\n<p>&nbsp;<\/p>\n<p>&nbsp;<\/p>\n<p>&nbsp;<\/p>\n<p style=\"text-align: justify;\"><img loading=\"lazy\" decoding=\"async\" class=\"alignleft wp-image-231 size-full\" src=\"http:\/\/www.archiviocompagnonifloriani.com\/home\/wp-content\/uploads\/2014\/08\/aleotti.jpg\" alt=\"\" width=\"150\" height=\"183\" data-id=\"231\" \/>Giuseppe Adami, <i>Nel segno di Aleotti. Materiali per lo studio della tradizione teatrale ferrarese del Seicento, in Giovanni Battista Aleotti e l\u2019architettura<\/i>, a cura di C. Cavicchi, F. Ceccarelli, R. Torlontano, Reggio Emilia, Diabasis, 2003, pp. 253-266<\/p>\n<p>&nbsp;<\/p>\n<p>&nbsp;<\/p>\n<p>&nbsp;<\/p>\n<p>&nbsp;<\/p>\n<p>&nbsp;<\/p>\n<p style=\"text-align: justify;\"><img loading=\"lazy\" decoding=\"async\" class=\"alignleft size-full wp-image-228\" src=\"http:\/\/www.archiviocompagnonifloriani.com\/home\/wp-content\/uploads\/2014\/08\/moussu_1.jpg\" alt=\"moussu_1\" width=\"129\" height=\"184\" data-id=\"228\" \/>Salvator Mous\u00f9, <i>Pietro Paolo Floriani e il borgo che prese il suo nome, in<\/i> Journal of the monastic military orders, ottobre 2008<\/p>\n<p>&nbsp;<\/p>\n<p>&nbsp;<\/p>\n<p>&nbsp;<\/p>\n<p>&nbsp;<\/p>\n<p>&nbsp;<\/p>\n<p>&nbsp;<\/p>\n<p><img loading=\"lazy\" decoding=\"async\" class=\"alignleft wp-image-229 size-full\" src=\"http:\/\/www.archiviocompagnonifloriani.com\/home\/wp-content\/uploads\/2014\/08\/casemates1.jpg\" alt=\"\" width=\"126\" height=\"178\" data-id=\"229\" \/><span style=\"text-decoration: underline;\"><span style=\"color: #497489; text-decoration: underline;\"><a class=\"pglink\" href=\"http:\/\/www.fsgfort.com\/DB\/C084\/20\/Text.htm\"><span style=\"color: #497489; text-decoration: underline;\">CASEMATE<\/span><\/a><\/span><\/span><\/p>\n<p style=\"text-align: justify;\">Giuseppe Adami, \u201cOn the Origins of Pietro Paolo Floriani\u2019s Treatise entitled Diffesa et offesa delle Piazze (1630)\u201d, in <i>Casemate<\/i>, 84, 2009<\/p>\n<p>&nbsp;<\/p>\n<p>&nbsp;<\/p>\n<p>&nbsp;<\/p>\n<p>&nbsp;<\/p>\n<p style=\"text-align: justify;\"><img loading=\"lazy\" decoding=\"async\" class=\"alignleft wp-image-230\" src=\"http:\/\/www.archiviocompagnonifloriani.com\/home\/wp-content\/uploads\/2014\/08\/floriani_pubbl_final.jpg\" alt=\"\" width=\"129\" height=\"140\" data-id=\"230\" srcset=\"https:\/\/archiviocompagnonifloriani.com\/home\/wp-content\/uploads\/2014\/08\/floriani_pubbl_final.jpg 400w, https:\/\/archiviocompagnonifloriani.com\/home\/wp-content\/uploads\/2014\/08\/floriani_pubbl_final-276x300.jpg 276w\" sizes=\"(max-width: 129px) 100vw, 129px\" \/>Raymond Saliba Ed., Floriani, the making of a monument,<br \/>\nMalta, Bestprint Co. Ltd. &#8211; 2012<\/p>\n<p>&nbsp;<\/p>\n<p>&nbsp;<\/p>\n<p>&nbsp;<\/p>\n<p>&nbsp;<\/p>\n<p><img loading=\"lazy\" decoding=\"async\" class=\" wp-image-607 alignleft\" src=\"http:\/\/www.archiviocompagnonifloriani.com\/home\/wp-content\/uploads\/2014\/08\/architecs_and_knights.jpg\" alt=\"\" width=\"178\" height=\"229\" \/><\/p>\n<p>Architecs and Knights &#8211; Italian Influence in Malta during the late Renaissance\u00a0 Ed. FPM Fondazzjoni Patrimonju Malti<\/p>\n<p>&nbsp;<\/p>\n<p>&nbsp;<\/p>\n<p>&nbsp;<\/p>\n<p>&nbsp;<\/p>\n<p><span style=\"color: #999999;\">.<\/span><\/p>\n<p>&nbsp;<\/p>\n<p><img loading=\"lazy\" decoding=\"async\" class=\"alignleft size-thumbnail wp-image-631\" src=\"https:\/\/archiviocompagnonifloriani.com\/home\/wp-content\/uploads\/2020\/09\/scalesse-150x150.jpg\" alt=\"\" width=\"150\" height=\"150\" \/><\/p>\n<p class=\"v1MsoNormal\">Tommaso Scalesse \u2013 FORTIFICAZIONI A FERRARA E NEL FERRARESE (1628-1632)<\/p>\n<p class=\"v1MsoNormal\">I saggi di opus 13 \u2013 Carsa edizioni \u2013 2014<\/p>\n<p>&nbsp;<\/p>\n<p>&nbsp;<\/p>\n<p>&nbsp;<\/p>\n<p style=\"font-weight: 400;\"><img loading=\"lazy\" decoding=\"async\" class=\"alignleft wp-image-641\" src=\"https:\/\/archiviocompagnonifloriani.com\/home\/wp-content\/uploads\/2022\/04\/staging-euridice001-708x1024.jpg\" alt=\"\" width=\"132\" height=\"188\" \/><\/p>\n<p style=\"font-weight: 400;\">Staging Euridice<br \/>\nTheatre, Sets, and Music in Late Renaissance<br \/>\nBy Tim Carter and Francesca Fantappi\u00e8<br \/>\nCambridge University Press<\/p>\n<p>&nbsp;<\/p>\n<p>&nbsp;<\/p>\n<p>&nbsp;<\/p>\n<p>&nbsp;<\/p>\n<p style=\"font-weight: 400;\"><img loading=\"lazy\" decoding=\"async\" class=\"alignleft wp-image-639\" src=\"https:\/\/archiviocompagnonifloriani.com\/home\/wp-content\/uploads\/2022\/04\/renaissance-fun001-683x1024.jpg\" alt=\"\" width=\"113\" height=\"167\" \/><\/p>\n<p style=\"font-weight: 400;\">Renaissance Fun<br \/>\nThe machines behind the scenes<br \/>\nBy Philip Steadman<br \/>\nUCLpress<\/p>\n<p>&nbsp;<\/p>\n<p>&nbsp;<\/p>\n<p>&nbsp;<\/p>\n<p>&nbsp;<\/p>\n<p style=\"font-weight: 400;\"><img loading=\"lazy\" decoding=\"async\" class=\"alignleft wp-image-640\" src=\"https:\/\/archiviocompagnonifloriani.com\/home\/wp-content\/uploads\/2022\/04\/sixtina001-698x1024.jpg\" alt=\"\" width=\"130\" height=\"182\" \/><\/p>\n<p style=\"font-weight: 400;\">Gli incontri dell\u2019Academia Sixtina<br \/>\nGrottammare \u2013 Roma<br \/>\n13 Dicembre 2021<\/p>\n<p style=\"text-align: left;\"><span style=\"color: #d7d1c4;\">.<\/span><\/p>\n<p>&nbsp;<\/p>\n<p>&nbsp;<\/p>\n<p>&nbsp;<\/p>\n<p>&nbsp;<\/p>\n<p><img loading=\"lazy\" decoding=\"async\" class=\"alignleft size-medium wp-image-668\" src=\"https:\/\/archiviocompagnonifloriani.com\/home\/wp-content\/uploads\/2022\/12\/bbb001-273x300.jpg\" alt=\"\" width=\"273\" height=\"300\" srcset=\"https:\/\/archiviocompagnonifloriani.com\/home\/wp-content\/uploads\/2022\/12\/bbb001-273x300.jpg 273w, https:\/\/archiviocompagnonifloriani.com\/home\/wp-content\/uploads\/2022\/12\/bbb001-931x1024.jpg 931w, https:\/\/archiviocompagnonifloriani.com\/home\/wp-content\/uploads\/2022\/12\/bbb001-768x844.jpg 768w, https:\/\/archiviocompagnonifloriani.com\/home\/wp-content\/uploads\/2022\/12\/bbb001-1397x1536.jpg 1397w, https:\/\/archiviocompagnonifloriani.com\/home\/wp-content\/uploads\/2022\/12\/bbb001-1862x2048.jpg 1862w\" sizes=\"(max-width: 273px) 100vw, 273px\" \/><\/p>\n<p>Elisa Spataro,\u00a0<i>Pittura di paesaggio e scenografia teatrale \u2013 Teoria e pratica artistica ( 1580 \u2013 1640)\u00a0<\/i>Esordi \u2013 Collana del Dottorato di ricerca in Storia dell\u2019arte \u2013 Sapienza Universit\u00e0 di Roma \u2013 De Luca Editori d\u2019Arte<\/p>\n<p>&nbsp;<\/p>\n<p>&nbsp;<\/p>\n<p>&nbsp;<\/p>\n<p>&nbsp;<\/p>\n<p>&nbsp;<\/p>\n<p>&nbsp;<\/p>\n<p style=\"text-align: center;\"><strong>In corso di pubblicazione<\/strong><\/p>\n<p style=\"text-align: center;\">Giuseppe Adami, <i>Architecture th\u00e9\u00e2trale, sc\u00e9nographie et machinerie, \u00e0 Ferrare et Parme , Actes Colloque International d&#8217;\u00c9tudes Humanistes: Les machines \u00e0 la Renaissance,<\/i> Centre d&#8217;\u00c9tudes Sup\u00e9rieurs de la Renaissance\/CNRS, Universit\u00e9 Fran\u00e7ois Rabelais, Tours, 2005<\/p>\n","protected":false},"excerpt":{"rendered":"<p>Giuseppe Adami, Pompeo Floriani e Pietro Paolo Floriani, voci biografiche in Dizionario Biografico degli Italiani, vol. XLVIII, Roma, Istituto dell\u2019Enciclopedia Italiana, 1997, pp. 330-336 &nbsp; &nbsp; &nbsp; &nbsp; Giuseppe Adami, L\u2019ingegnere-scenografo e l\u2019ingegnere-venturiero. Le \u2018macchine e le scene di Francesco Guitti ideate per il torneo de La Contesa: Ferrara 1631, in Barocke Inszenierung: Akten des [&hellip;]<\/p>\n","protected":false},"author":2,"featured_media":0,"parent":0,"menu_order":0,"comment_status":"open","ping_status":"closed","template":"","meta":{"_et_pb_use_builder":"","_et_pb_old_content":"","_et_gb_content_width":"","footnotes":""},"class_list":["post-218","page","type-page","status-publish","hentry"],"yoast_head":"<!-- This site is optimized with the Yoast SEO plugin v27.6 - https:\/\/yoast.com\/product\/yoast-seo-wordpress\/ -->\n<title>Pubblicazioni - Archivio Compagnoni Floriani di Villamagna<\/title>\n<meta name=\"robots\" content=\"index, follow, max-snippet:-1, max-image-preview:large, max-video-preview:-1\" \/>\n<link rel=\"canonical\" href=\"https:\/\/archiviocompagnonifloriani.com\/home\/pubblicazioni\/\" \/>\n<meta property=\"og:locale\" content=\"it_IT\" \/>\n<meta property=\"og:type\" content=\"article\" \/>\n<meta property=\"og:title\" content=\"Pubblicazioni - Archivio Compagnoni Floriani di Villamagna\" \/>\n<meta property=\"og:description\" content=\"Giuseppe Adami, Pompeo Floriani e Pietro Paolo Floriani, voci biografiche in Dizionario Biografico degli Italiani, vol. XLVIII, Roma, Istituto dell\u2019Enciclopedia Italiana, 1997, pp. 330-336 &nbsp; &nbsp; &nbsp; &nbsp; Giuseppe Adami, L\u2019ingegnere-scenografo e l\u2019ingegnere-venturiero. Le \u2018macchine e le scene di Francesco Guitti ideate per il torneo de La Contesa: Ferrara 1631, in Barocke Inszenierung: Akten des [&hellip;]\" \/>\n<meta property=\"og:url\" content=\"https:\/\/archiviocompagnonifloriani.com\/home\/pubblicazioni\/\" \/>\n<meta property=\"og:site_name\" content=\"Archivio Compagnoni Floriani di Villamagna\" \/>\n<meta property=\"article:modified_time\" content=\"2022-12-17T22:37:55+00:00\" \/>\n<meta property=\"og:image\" content=\"http:\/\/www.archiviocompagnonifloriani.com\/home\/wp-content\/uploads\/2014\/08\/macchina_stampa.jpg\" \/>\n<meta name=\"twitter:card\" content=\"summary_large_image\" \/>\n<meta name=\"twitter:label1\" content=\"Tempo di lettura stimato\" \/>\n\t<meta name=\"twitter:data1\" content=\"7 minuti\" \/>\n<script type=\"application\/ld+json\" class=\"yoast-schema-graph\">{\"@context\":\"https:\\\/\\\/schema.org\",\"@graph\":[{\"@type\":\"WebPage\",\"@id\":\"https:\\\/\\\/archiviocompagnonifloriani.com\\\/home\\\/pubblicazioni\\\/\",\"url\":\"https:\\\/\\\/archiviocompagnonifloriani.com\\\/home\\\/pubblicazioni\\\/\",\"name\":\"Pubblicazioni - Archivio Compagnoni Floriani di Villamagna\",\"isPartOf\":{\"@id\":\"https:\\\/\\\/archiviocompagnonifloriani.com\\\/home\\\/#website\"},\"primaryImageOfPage\":{\"@id\":\"https:\\\/\\\/archiviocompagnonifloriani.com\\\/home\\\/pubblicazioni\\\/#primaryimage\"},\"image\":{\"@id\":\"https:\\\/\\\/archiviocompagnonifloriani.com\\\/home\\\/pubblicazioni\\\/#primaryimage\"},\"thumbnailUrl\":\"http:\\\/\\\/www.archiviocompagnonifloriani.com\\\/home\\\/wp-content\\\/uploads\\\/2014\\\/08\\\/macchina_stampa.jpg\",\"datePublished\":\"2014-08-16T15:46:31+00:00\",\"dateModified\":\"2022-12-17T22:37:55+00:00\",\"breadcrumb\":{\"@id\":\"https:\\\/\\\/archiviocompagnonifloriani.com\\\/home\\\/pubblicazioni\\\/#breadcrumb\"},\"inLanguage\":\"it-IT\",\"potentialAction\":[{\"@type\":\"ReadAction\",\"target\":[\"https:\\\/\\\/archiviocompagnonifloriani.com\\\/home\\\/pubblicazioni\\\/\"]}]},{\"@type\":\"ImageObject\",\"inLanguage\":\"it-IT\",\"@id\":\"https:\\\/\\\/archiviocompagnonifloriani.com\\\/home\\\/pubblicazioni\\\/#primaryimage\",\"url\":\"http:\\\/\\\/www.archiviocompagnonifloriani.com\\\/home\\\/wp-content\\\/uploads\\\/2014\\\/08\\\/macchina_stampa.jpg\",\"contentUrl\":\"http:\\\/\\\/www.archiviocompagnonifloriani.com\\\/home\\\/wp-content\\\/uploads\\\/2014\\\/08\\\/macchina_stampa.jpg\"},{\"@type\":\"BreadcrumbList\",\"@id\":\"https:\\\/\\\/archiviocompagnonifloriani.com\\\/home\\\/pubblicazioni\\\/#breadcrumb\",\"itemListElement\":[{\"@type\":\"ListItem\",\"position\":1,\"name\":\"Home\",\"item\":\"https:\\\/\\\/archiviocompagnonifloriani.com\\\/home\\\/\"},{\"@type\":\"ListItem\",\"position\":2,\"name\":\"Pubblicazioni\"}]},{\"@type\":\"WebSite\",\"@id\":\"https:\\\/\\\/archiviocompagnonifloriani.com\\\/home\\\/#website\",\"url\":\"https:\\\/\\\/archiviocompagnonifloriani.com\\\/home\\\/\",\"name\":\"Archivio Compagnoni Floriani di Villamagna\",\"description\":\"Archivio Compagnoni Floriani di Villamagna\",\"potentialAction\":[{\"@type\":\"SearchAction\",\"target\":{\"@type\":\"EntryPoint\",\"urlTemplate\":\"https:\\\/\\\/archiviocompagnonifloriani.com\\\/home\\\/?s={search_term_string}\"},\"query-input\":{\"@type\":\"PropertyValueSpecification\",\"valueRequired\":true,\"valueName\":\"search_term_string\"}}],\"inLanguage\":\"it-IT\"}]}<\/script>\n<!-- \/ Yoast SEO plugin. -->","yoast_head_json":{"title":"Pubblicazioni - Archivio Compagnoni Floriani di Villamagna","robots":{"index":"index","follow":"follow","max-snippet":"max-snippet:-1","max-image-preview":"max-image-preview:large","max-video-preview":"max-video-preview:-1"},"canonical":"https:\/\/archiviocompagnonifloriani.com\/home\/pubblicazioni\/","og_locale":"it_IT","og_type":"article","og_title":"Pubblicazioni - Archivio Compagnoni Floriani di Villamagna","og_description":"Giuseppe Adami, Pompeo Floriani e Pietro Paolo Floriani, voci biografiche in Dizionario Biografico degli Italiani, vol. XLVIII, Roma, Istituto dell\u2019Enciclopedia Italiana, 1997, pp. 330-336 &nbsp; &nbsp; &nbsp; &nbsp; Giuseppe Adami, L\u2019ingegnere-scenografo e l\u2019ingegnere-venturiero. Le \u2018macchine e le scene di Francesco Guitti ideate per il torneo de La Contesa: Ferrara 1631, in Barocke Inszenierung: Akten des [&hellip;]","og_url":"https:\/\/archiviocompagnonifloriani.com\/home\/pubblicazioni\/","og_site_name":"Archivio Compagnoni Floriani di Villamagna","article_modified_time":"2022-12-17T22:37:55+00:00","og_image":[{"url":"http:\/\/www.archiviocompagnonifloriani.com\/home\/wp-content\/uploads\/2014\/08\/macchina_stampa.jpg","type":"","width":"","height":""}],"twitter_card":"summary_large_image","twitter_misc":{"Tempo di lettura stimato":"7 minuti"},"schema":{"@context":"https:\/\/schema.org","@graph":[{"@type":"WebPage","@id":"https:\/\/archiviocompagnonifloriani.com\/home\/pubblicazioni\/","url":"https:\/\/archiviocompagnonifloriani.com\/home\/pubblicazioni\/","name":"Pubblicazioni - Archivio Compagnoni Floriani di Villamagna","isPartOf":{"@id":"https:\/\/archiviocompagnonifloriani.com\/home\/#website"},"primaryImageOfPage":{"@id":"https:\/\/archiviocompagnonifloriani.com\/home\/pubblicazioni\/#primaryimage"},"image":{"@id":"https:\/\/archiviocompagnonifloriani.com\/home\/pubblicazioni\/#primaryimage"},"thumbnailUrl":"http:\/\/www.archiviocompagnonifloriani.com\/home\/wp-content\/uploads\/2014\/08\/macchina_stampa.jpg","datePublished":"2014-08-16T15:46:31+00:00","dateModified":"2022-12-17T22:37:55+00:00","breadcrumb":{"@id":"https:\/\/archiviocompagnonifloriani.com\/home\/pubblicazioni\/#breadcrumb"},"inLanguage":"it-IT","potentialAction":[{"@type":"ReadAction","target":["https:\/\/archiviocompagnonifloriani.com\/home\/pubblicazioni\/"]}]},{"@type":"ImageObject","inLanguage":"it-IT","@id":"https:\/\/archiviocompagnonifloriani.com\/home\/pubblicazioni\/#primaryimage","url":"http:\/\/www.archiviocompagnonifloriani.com\/home\/wp-content\/uploads\/2014\/08\/macchina_stampa.jpg","contentUrl":"http:\/\/www.archiviocompagnonifloriani.com\/home\/wp-content\/uploads\/2014\/08\/macchina_stampa.jpg"},{"@type":"BreadcrumbList","@id":"https:\/\/archiviocompagnonifloriani.com\/home\/pubblicazioni\/#breadcrumb","itemListElement":[{"@type":"ListItem","position":1,"name":"Home","item":"https:\/\/archiviocompagnonifloriani.com\/home\/"},{"@type":"ListItem","position":2,"name":"Pubblicazioni"}]},{"@type":"WebSite","@id":"https:\/\/archiviocompagnonifloriani.com\/home\/#website","url":"https:\/\/archiviocompagnonifloriani.com\/home\/","name":"Archivio Compagnoni Floriani di Villamagna","description":"Archivio Compagnoni Floriani di Villamagna","potentialAction":[{"@type":"SearchAction","target":{"@type":"EntryPoint","urlTemplate":"https:\/\/archiviocompagnonifloriani.com\/home\/?s={search_term_string}"},"query-input":{"@type":"PropertyValueSpecification","valueRequired":true,"valueName":"search_term_string"}}],"inLanguage":"it-IT"}]}},"_links":{"self":[{"href":"https:\/\/archiviocompagnonifloriani.com\/home\/wp-json\/wp\/v2\/pages\/218","targetHints":{"allow":["GET"]}}],"collection":[{"href":"https:\/\/archiviocompagnonifloriani.com\/home\/wp-json\/wp\/v2\/pages"}],"about":[{"href":"https:\/\/archiviocompagnonifloriani.com\/home\/wp-json\/wp\/v2\/types\/page"}],"author":[{"embeddable":true,"href":"https:\/\/archiviocompagnonifloriani.com\/home\/wp-json\/wp\/v2\/users\/2"}],"replies":[{"embeddable":true,"href":"https:\/\/archiviocompagnonifloriani.com\/home\/wp-json\/wp\/v2\/comments?post=218"}],"version-history":[{"count":19,"href":"https:\/\/archiviocompagnonifloriani.com\/home\/wp-json\/wp\/v2\/pages\/218\/revisions"}],"predecessor-version":[{"id":671,"href":"https:\/\/archiviocompagnonifloriani.com\/home\/wp-json\/wp\/v2\/pages\/218\/revisions\/671"}],"wp:attachment":[{"href":"https:\/\/archiviocompagnonifloriani.com\/home\/wp-json\/wp\/v2\/media?parent=218"}],"curies":[{"name":"wp","href":"https:\/\/api.w.org\/{rel}","templated":true}]}}