{"id":244,"date":"2014-08-16T18:17:53","date_gmt":"2014-08-16T16:17:53","guid":{"rendered":"http:\/\/www.florianicompagnoni.com\/home\/?page_id=244"},"modified":"2015-11-08T23:23:03","modified_gmt":"2015-11-08T22:23:03","slug":"convegni-conferenze-e-mostre","status":"publish","type":"page","link":"https:\/\/archiviocompagnonifloriani.com\/home\/pubblicazioni\/convegni-conferenze-e-mostre\/","title":{"rendered":"Convegni, Conferenze e Mostre"},"content":{"rendered":"<p><img loading=\"lazy\" decoding=\"async\" class=\"alignnone  wp-image-219\" src=\"http:\/\/www.archiviocompagnonifloriani.com\/home\/wp-content\/uploads\/2014\/08\/macchina_stampa.jpg\" alt=\"\" width=\"260\" height=\"318\" data-id=\"219\" \/><\/p>\n<hr \/>\n<p style=\"text-align: center;\"><strong>Convegni<\/strong><\/p>\n<p style=\"text-align: justify;\"><a href=\"http:\/\/www.archiviocompagnonifloriani.com\/home\/wp-content\/uploads\/2014\/08\/immagine_0323.jpg\" rel=\"lightbox[244]\"><img loading=\"lazy\" decoding=\"async\" class=\"alignleft size-full wp-image-245\" src=\"http:\/\/www.archiviocompagnonifloriani.com\/home\/wp-content\/uploads\/2014\/08\/immagine_0323.jpg\" alt=\"\" width=\"150\" height=\"214\" data-id=\"245\" \/><\/a>Osimo &#8211; 26 Novembre 2000 Aula Magna Palazzo Comunale<br \/>\nAssessorato alle attivit\u00e0 culturali &#8211; Rotary Club<br \/>\nCelebrazione per il IV centenario Pompeo Floriani<\/p>\n<p>&nbsp;<\/p>\n<p>&nbsp;<\/p>\n<p>&nbsp;<\/p>\n<p>&nbsp;<\/p>\n<p>&nbsp;<\/p>\n<p style=\"text-align: justify;\"><a href=\"http:\/\/www.archiviocompagnonifloriani.com\/home\/wp-content\/uploads\/2014\/08\/vi_settimana_della_cultura_1.jpg\" rel=\"lightbox[244]\"><img loading=\"lazy\" decoding=\"async\" class=\"alignleft size-full wp-image-246\" src=\"http:\/\/www.archiviocompagnonifloriani.com\/home\/wp-content\/uploads\/2014\/08\/vi_settimana_della_cultura_1.jpg\" alt=\"\" width=\"149\" height=\"227\" data-id=\"246\" \/><\/a>Macerata 28\/05\/2004 &#8211; 06\/06\/2004\u00a0\u00a0\u00a0\u00a0Pinacoteca Comunale\u00a0\u00a0\u00a0\u00a0Ministero per i Beni e le Attivit\u00e0 Culturali Soprintendenza Regionale per i Beni e le Attivit\u00e0 Culturali delle Marche\u00a0\u00a0\u00a0\u00a0VI settimana della Cultura\u00a0\u00a0&#8211;\u00a0\u00a0Presentazione del libro di Giuseppe Adami\u00a0\u00a0\u00a0\u00a0\u00a0\u00a0\u00a0&#8220;Pietro Paolo Floriani (1585-1638) tra spalti e scene&#8221;<\/p>\n<p>&nbsp;<\/p>\n<p>&nbsp;<\/p>\n<p>&nbsp;<\/p>\n<p>&nbsp;<\/p>\n<p style=\"text-align: justify;\"><a href=\"http:\/\/www.archiviocompagnonifloriani.com\/home\/wp-content\/uploads\/2014\/08\/immagine_0362.jpg\" rel=\"lightbox[244]\"><img loading=\"lazy\" decoding=\"async\" class=\"alignleft size-full wp-image-247\" src=\"http:\/\/www.archiviocompagnonifloriani.com\/home\/wp-content\/uploads\/2014\/08\/immagine_0362.jpg\" alt=\"\" width=\"150\" height=\"209\" data-id=\"247\" \/><\/a>Malta, Valletta &#8211; 12 Dicembre 2005 Sala dell\u2019Istituto Italiano di Cultura\u00a0\u00a0\u00a0\u00a0Presentazione del libro di Giuseppe Adami\u00a0\u00a0\u00a0\u00a0\u201cScenotecnica Barocca tra Ferrara e Parma (1625-1631)\u201d<br \/>\nTavola rotonda con il Prof. Denis De Lucca ( Facolt\u00e0 di Architettura ), la Sig.ra Cynthia de Giorgio ( Istituto Internazionale di Studi Barocchi, Universita\u2019 di Malta ) e Giuseppe Adami, autore del libro e responsabile scientifico dell\u2019Archivio Compagnoni Floriani di Macerata<\/p>\n<p>&nbsp;<\/p>\n<p>&nbsp;<\/p>\n<p style=\"text-align: justify;\"><a href=\"http:\/\/www.archiviocompagnonifloriani.com\/home\/wp-content\/uploads\/2014\/08\/locandina_tours_1.jpg\" rel=\"lightbox[244]\"><img loading=\"lazy\" decoding=\"async\" class=\"alignleft size-full wp-image-248\" src=\"http:\/\/www.archiviocompagnonifloriani.com\/home\/wp-content\/uploads\/2014\/08\/locandina_tours_1.jpg\" alt=\"\" width=\"150\" height=\"206\" data-id=\"248\" \/><\/a>Tours, luglio 2005 Centre d&#8217;\u00c9tudes Sup\u00e9rieurs de la Renaissance\/CNRS, Universit\u00e9 Fran\u00e7ois Rabelais, Colloque International d&#8217;\u00c9tudes Humanistes: &#8220;Les machines \u00e0 la Renaissance&#8221;<br \/>\nIntervento di Giuseppe Adami ( Archivio Compagnoni Floriani di Villamagna) &#8220;Architecture th\u00e9\u00e2trale,sc\u00e9nographie et machinerie, \u00e0 Ferrare et Parme&#8221;<\/p>\n<p>&nbsp;<\/p>\n<p>&nbsp;<\/p>\n<p style=\"text-align: justify;\"><a href=\"http:\/\/www.archiviocompagnonifloriani.com\/home\/wp-content\/uploads\/2014\/08\/aabb.jpg\" rel=\"lightbox[244]\"><img loading=\"lazy\" decoding=\"async\" class=\"alignleft size-full wp-image-249\" src=\"http:\/\/www.archiviocompagnonifloriani.com\/home\/wp-content\/uploads\/2014\/08\/aabb.jpg\" alt=\"\" width=\"150\" height=\"214\" data-id=\"249\" \/><\/a>Macerata &#8211; 9 Novembre 2007 Accademia di Belle Arti<br \/>\n&#8221;Floriani&#8221; The making of a baroque monument in the 21st century<br \/>\nIncontro con lo scultore Chris Ebejer &#8221; Il progetto e i processi di costruzione&#8221; &#8211; Ray Saliba Editore &#8211;<br \/>\nInterventi di Manuela Traini (docente di Tecniche di Fonderia) e Giovanni B. Paresce (docente di Scultura)<\/p>\n<p>&nbsp;<\/p>\n<p>&nbsp;<\/p>\n<p>&nbsp;<\/p>\n<p style=\"text-align: justify;\"><a href=\"http:\/\/www.archiviocompagnonifloriani.com\/home\/wp-content\/uploads\/2014\/08\/world_book_day1.jpg\" rel=\"lightbox[244]\"><img loading=\"lazy\" decoding=\"async\" class=\"alignleft size-full wp-image-250\" src=\"http:\/\/www.archiviocompagnonifloriani.com\/home\/wp-content\/uploads\/2014\/08\/world_book_day1.jpg\" alt=\"\" width=\"100\" height=\"100\" data-id=\"250\" \/><\/a>Bologna &#8211; 23 aprile 2008, Laboratori DMS Auditorium, sotto l&#8217;alto patronato dell&#8217;UNESCO &#8211; XII edizione della Giornata del Libro,<br \/>\nPresentazione de &#8220;Il corpo barocco &#8211; Percorsi secenteschi fra scena e parola&#8221;<br \/>\nIntervengono Giuseppe Adami ( Archivio Compagnoni Floriani di Villamagna) e Gennaro Colangelo &#8211; coordinano Elena Tamburini e Paola Bignami &#8211; voce narrante Nunzio Zunzio<\/p>\n<p>&nbsp;<\/p>\n<p style=\"text-align: justify;\"><a href=\"http:\/\/www.archiviocompagnonifloriani.com\/home\/wp-content\/uploads\/2014\/08\/mantova_1.jpg\" rel=\"lightbox[244]\"><img loading=\"lazy\" decoding=\"async\" class=\"alignleft size-full wp-image-251\" src=\"http:\/\/www.archiviocompagnonifloriani.com\/home\/wp-content\/uploads\/2014\/08\/mantova_1.jpg\" alt=\"\" width=\"130\" height=\"259\" data-id=\"251\" \/><\/a>Mantova &#8211; 1\/4 Ottobre 2008, Fondazione Centro Studi Leon Battista Alberti Convegno internazionale &#8220;La Civilt\u00e0 delle Acque tra Medioevo e Rinascimento&#8221;<br \/>\nRelatore Giuseppe Adami (Associazione Compagnoni Floriani di Villamagna)<br \/>\n<i>&#8220;Fontane, ninfei, teatri di verzura romani in un taccuino inedito del primo Seicento&#8221;<\/i><\/p>\n<p>&nbsp;<\/p>\n<p>&nbsp;<\/p>\n<p>&nbsp;<\/p>\n<p><a href=\"http:\/\/www.archiviocompagnonifloriani.com\/home\/wp-content\/uploads\/2014\/08\/iic_logo.gif\" rel=\"lightbox[244]\"><img loading=\"lazy\" decoding=\"async\" class=\"alignleft size-full wp-image-254\" src=\"http:\/\/www.archiviocompagnonifloriani.com\/home\/wp-content\/uploads\/2014\/08\/iic_logo.gif\" alt=\"\" width=\"156\" height=\"156\" data-id=\"254\" \/><\/a>Valletta, Malta &#8211; April 16, 2009 &#8211; Italian Cultural Institute<br \/>\nOne day seminar on Pietro Paolo Floriani<\/p>\n<p style=\"text-align: justify;\">Pietro Paolo Floriani (1585-1638): nuove prospettive di<br \/>\nstudio e differenti percorsi di ricerca<br \/>\nPresent : Nigel Holland\u00a0Mayor of\u00a0Floriana &#8211; Giorgio<br \/>\nMeschini Mayor of Macerata &#8211; Carla Compagnoni Floriani<br \/>\nWelcome greeting by\u00a0the Italian Ambassador in Malta<br \/>\nPaolo Andrea Trabalza<br \/>\nChairperson: Alessandra Sfrappini<\/p>\n<p style=\"text-align: justify;\">Interventions:<br \/>\nGiuseppe Adami: Presentation\u00a0of the\u00a0volume <i>Pietro Paolo Floriani fra spalti e scene &#8211; Del testo ed agenda dei progetti in corso d\u2019opera e futuri<\/i><br \/>\nRoger Vella Bonavita: <i>Three documents relating to Col. Pietro Paolo Floriani&#8217;s proposals for &#8216;Floriana&#8217; &#8211; October 1635<\/i><br \/>\nAlexander Neuwahl: <i>L\u2019evoluzione delle macchine rinascimentali analizzata attraverso le ricostruzioni virtuali<\/i><br \/>\nStephen Spiteri: <i>Influence of Pietro Paolo Floriani on Hospitaller Military Architecture in the Seventeenth Century<\/i><br \/>\nChris Ebejer: <i>Floriani the making of a baroque monument in the XXI century.<\/i><\/p>\n<p style=\"text-align: justify;\"><span style=\"color: #ffffff;\">.<\/span><\/p>\n<p style=\"text-align: justify;\"><a href=\"http:\/\/www.archiviocompagnonifloriani.com\/home\/wp-content\/uploads\/2014\/08\/macerata_acc_ba.jpg\" rel=\"lightbox[244]\"><img loading=\"lazy\" decoding=\"async\" class=\"alignleft size-full wp-image-253\" src=\"http:\/\/www.archiviocompagnonifloriani.com\/home\/wp-content\/uploads\/2014\/08\/macerata_acc_ba.jpg\" alt=\"\" width=\"122\" height=\"200\" data-id=\"253\" \/><\/a>Macerata &#8211; 15 Dicembre 2005, Auditorium \u201cSvoboda\u201d- Accademia delle Belle Arti<br \/>\nPresentazione del documentario <i>Pietro Paolo Floriani<\/i><br \/>\nper la regia di Massimo Angelucci Cominazzini<br \/>\nProduzione Artesettima<br \/>\nInterventi di:<br \/>\n&#8211; Anna Verducci, Direttore Accademia Belle Arti di Macerata<br \/>\n&#8211; Donato Caporalini, Assessore alla Cultura Provincia di Macerata<br \/>\n&#8211; Massimiliano Bianchini, Assessore alla Cultura Comune di Macerata,<br \/>\n&#8211; Francesco Massi, Commissione Cultura Regione<br \/>\n&#8211; Massimo Puliani, direttore Dipartimento Comunicazione e Spettacolo dell&#8217;Accademia di Macerata<br \/>\n&#8211; Mario Montalboddi, responsabile Cultura per il Teatro, Corridonia<br \/>\n&#8211; Carla Compagnoni Floriani, Archivio Compagnoni Floriani<br \/>\n&#8211; Padre Mariano Ceresoli, Collegiata S. Ginesio<br \/>\n&#8211; Antonino De Pace, attore<\/p>\n<hr \/>\n<p style=\"text-align: center;\"><strong>Conferenze<\/strong><\/p>\n<p style=\"text-align: justify;\"><span style=\"color: #b55731; font-size: large;\">~\u00a0<\/span>Giuseppe Adami, <i>Un torneo a piedi combattuto in occasione delle nozze di Giovan Francesco Sacchetti con Beatrice Estense Tassoni: Ferrara 1631,<\/i> in <i>Barocke Inszenierung: Das Ephemere in Dauerhafter Erscheinung, Internationalen Forschungscolloquiums,<\/i> Technische Universit\u00e4t Berlin, giugno 1996<\/p>\n<p style=\"text-align: justify;\"><span style=\"color: #b55731; font-size: large;\">~\u00a0<\/span>Giuseppe Adami, <i>Documenti scenografici inediti dell\u2019Archivio Floriani, in Il far musica, le feste la scenografia,<\/i> Secondo seminario di iconografia musicale organizzato dalla Biblioteca di Archeologia e Storia dell\u2019Arte e dall\u2019Istituto della Enciclopedia Italiana, Roma, Palazzo del Collegio Romano, Ottobre 1996<\/p>\n<p style=\"text-align: justify;\"><span style=\"color: #b55731; font-size: large;\">~\u00a0<\/span>Giuseppe Adami, <i>Architecture th\u00e9\u00e2trale, sc\u00e9nographie et machinerie, \u00e0 Ferrare et Parme (1625-1631), XLVIIIe Colloque International d&#8217;\u00c9tudes Humanistes: Les machines \u00e0 la Renaissance,<\/i> Centre d&#8217;\u00c9tudes Sup\u00e9rieurs de la Renaissance\/CNRS, Universit\u00e9 Fran\u00e7ois Rabelais, Tours, luglio 2005<\/p>\n<p style=\"text-align: justify;\"><span style=\"color: #b55731; font-size: large;\">~\u00a0<\/span>Giuseppe Adami, <i>Principi ispiratori della scenotecnica barocca tra tradizione e innovazione,<\/i> Dipartimento di Musica e Spettacolo, Universit\u00e0 degli Studi di Bologna, Giornata mondiale del Libro sotto l\u2019alto patronato dell\u2019Unesco, Bologna, Aprile 2008<\/p>\n<p style=\"text-align: justify;\"><span style=\"color: #b55731; font-size: large;\">~\u00a0<\/span>Giuseppe Adami, <i>Fontane, ninfei, teatri d\u2019acqua e giardini di fiori in un taccuino inedito del primo Seicento,<\/i> convegno internazionale <i>La civilt\u00e0 delle acque tra Medioevo e Rinascimento,<\/i> Mantova Fondazione Leon Battista Alberti, Ottobre 2008<\/p>\n<hr \/>\n<p style=\"text-align: center;\"><strong>Mostre<\/strong><\/p>\n<p style=\"text-align: left;\"><a href=\"http:\/\/www.archiviocompagnonifloriani.com\/home\/wp-content\/uploads\/2014\/08\/frammento.jpg\" rel=\"lightbox[244]\"><img loading=\"lazy\" decoding=\"async\" class=\"alignleft  wp-image-252\" src=\"http:\/\/www.archiviocompagnonifloriani.com\/home\/wp-content\/uploads\/2014\/08\/frammento.jpg\" alt=\"\" width=\"253\" height=\"190\" data-id=\"252\" srcset=\"https:\/\/archiviocompagnonifloriani.com\/home\/wp-content\/uploads\/2014\/08\/frammento.jpg 500w, https:\/\/archiviocompagnonifloriani.com\/home\/wp-content\/uploads\/2014\/08\/frammento-300x225.jpg 300w\" sizes=\"(max-width: 253px) 100vw, 253px\" \/><\/a>Macerata &#8211; 28 Maggio 2004, Pinacoteca Comunale<\/p>\n<p style=\"text-align: justify;\">Presentazione della mostra di mappe restaurate dall&#8217;Archivio Compagnoni Floriani di Villamagna, a cura di Mario Vinicio Biondi, Soprintendente Archivistico per le Marche<\/p>\n","protected":false},"excerpt":{"rendered":"<p>Convegni Osimo &#8211; 26 Novembre 2000 Aula Magna Palazzo Comunale Assessorato alle attivit\u00e0 culturali &#8211; Rotary Club Celebrazione per il IV centenario Pompeo Floriani &nbsp; &nbsp; &nbsp; &nbsp; &nbsp; Macerata 28\/05\/2004 &#8211; 06\/06\/2004\u00a0\u00a0\u00a0\u00a0Pinacoteca Comunale\u00a0\u00a0\u00a0\u00a0Ministero per i Beni e le Attivit\u00e0 Culturali Soprintendenza Regionale per i Beni e le Attivit\u00e0 Culturali delle Marche\u00a0\u00a0\u00a0\u00a0VI settimana della Cultura\u00a0\u00a0&#8211;\u00a0\u00a0Presentazione [&hellip;]<\/p>\n","protected":false},"author":2,"featured_media":0,"parent":218,"menu_order":0,"comment_status":"open","ping_status":"closed","template":"","meta":{"_et_pb_use_builder":"","_et_pb_old_content":"","_et_gb_content_width":"","footnotes":""},"class_list":["post-244","page","type-page","status-publish","hentry"],"yoast_head":"<!-- This site is optimized with the Yoast SEO plugin v27.5 - https:\/\/yoast.com\/product\/yoast-seo-wordpress\/ -->\n<title>Convegni, Conferenze e Mostre - Archivio Compagnoni Floriani di Villamagna<\/title>\n<meta name=\"robots\" content=\"index, follow, max-snippet:-1, max-image-preview:large, max-video-preview:-1\" \/>\n<link rel=\"canonical\" href=\"https:\/\/archiviocompagnonifloriani.com\/home\/pubblicazioni\/convegni-conferenze-e-mostre\/\" \/>\n<meta property=\"og:locale\" content=\"it_IT\" \/>\n<meta property=\"og:type\" content=\"article\" \/>\n<meta property=\"og:title\" content=\"Convegni, Conferenze e Mostre - Archivio Compagnoni Floriani di Villamagna\" \/>\n<meta property=\"og:description\" content=\"Convegni Osimo &#8211; 26 Novembre 2000 Aula Magna Palazzo Comunale Assessorato alle attivit\u00e0 culturali &#8211; Rotary Club Celebrazione per il IV centenario Pompeo Floriani &nbsp; &nbsp; &nbsp; &nbsp; &nbsp; Macerata 28\/05\/2004 &#8211; 06\/06\/2004\u00a0\u00a0\u00a0\u00a0Pinacoteca Comunale\u00a0\u00a0\u00a0\u00a0Ministero per i Beni e le Attivit\u00e0 Culturali Soprintendenza Regionale per i Beni e le Attivit\u00e0 Culturali delle Marche\u00a0\u00a0\u00a0\u00a0VI settimana della Cultura\u00a0\u00a0&#8211;\u00a0\u00a0Presentazione [&hellip;]\" \/>\n<meta property=\"og:url\" content=\"https:\/\/archiviocompagnonifloriani.com\/home\/pubblicazioni\/convegni-conferenze-e-mostre\/\" \/>\n<meta property=\"og:site_name\" content=\"Archivio Compagnoni Floriani di Villamagna\" \/>\n<meta property=\"article:modified_time\" content=\"2015-11-08T22:23:03+00:00\" \/>\n<meta property=\"og:image\" content=\"http:\/\/www.archiviocompagnonifloriani.com\/home\/wp-content\/uploads\/2014\/08\/macchina_stampa.jpg\" \/>\n<meta name=\"twitter:card\" content=\"summary_large_image\" \/>\n<meta name=\"twitter:label1\" content=\"Tempo di lettura stimato\" \/>\n\t<meta name=\"twitter:data1\" content=\"4 minuti\" \/>\n<script type=\"application\/ld+json\" class=\"yoast-schema-graph\">{\"@context\":\"https:\\\/\\\/schema.org\",\"@graph\":[{\"@type\":\"WebPage\",\"@id\":\"https:\\\/\\\/archiviocompagnonifloriani.com\\\/home\\\/pubblicazioni\\\/convegni-conferenze-e-mostre\\\/\",\"url\":\"https:\\\/\\\/archiviocompagnonifloriani.com\\\/home\\\/pubblicazioni\\\/convegni-conferenze-e-mostre\\\/\",\"name\":\"Convegni, Conferenze e Mostre - Archivio Compagnoni Floriani di Villamagna\",\"isPartOf\":{\"@id\":\"https:\\\/\\\/archiviocompagnonifloriani.com\\\/home\\\/#website\"},\"primaryImageOfPage\":{\"@id\":\"https:\\\/\\\/archiviocompagnonifloriani.com\\\/home\\\/pubblicazioni\\\/convegni-conferenze-e-mostre\\\/#primaryimage\"},\"image\":{\"@id\":\"https:\\\/\\\/archiviocompagnonifloriani.com\\\/home\\\/pubblicazioni\\\/convegni-conferenze-e-mostre\\\/#primaryimage\"},\"thumbnailUrl\":\"http:\\\/\\\/www.archiviocompagnonifloriani.com\\\/home\\\/wp-content\\\/uploads\\\/2014\\\/08\\\/macchina_stampa.jpg\",\"datePublished\":\"2014-08-16T16:17:53+00:00\",\"dateModified\":\"2015-11-08T22:23:03+00:00\",\"breadcrumb\":{\"@id\":\"https:\\\/\\\/archiviocompagnonifloriani.com\\\/home\\\/pubblicazioni\\\/convegni-conferenze-e-mostre\\\/#breadcrumb\"},\"inLanguage\":\"it-IT\",\"potentialAction\":[{\"@type\":\"ReadAction\",\"target\":[\"https:\\\/\\\/archiviocompagnonifloriani.com\\\/home\\\/pubblicazioni\\\/convegni-conferenze-e-mostre\\\/\"]}]},{\"@type\":\"ImageObject\",\"inLanguage\":\"it-IT\",\"@id\":\"https:\\\/\\\/archiviocompagnonifloriani.com\\\/home\\\/pubblicazioni\\\/convegni-conferenze-e-mostre\\\/#primaryimage\",\"url\":\"http:\\\/\\\/www.archiviocompagnonifloriani.com\\\/home\\\/wp-content\\\/uploads\\\/2014\\\/08\\\/macchina_stampa.jpg\",\"contentUrl\":\"http:\\\/\\\/www.archiviocompagnonifloriani.com\\\/home\\\/wp-content\\\/uploads\\\/2014\\\/08\\\/macchina_stampa.jpg\"},{\"@type\":\"BreadcrumbList\",\"@id\":\"https:\\\/\\\/archiviocompagnonifloriani.com\\\/home\\\/pubblicazioni\\\/convegni-conferenze-e-mostre\\\/#breadcrumb\",\"itemListElement\":[{\"@type\":\"ListItem\",\"position\":1,\"name\":\"Home\",\"item\":\"https:\\\/\\\/archiviocompagnonifloriani.com\\\/home\\\/\"},{\"@type\":\"ListItem\",\"position\":2,\"name\":\"Pubblicazioni\",\"item\":\"https:\\\/\\\/archiviocompagnonifloriani.com\\\/home\\\/pubblicazioni\\\/\"},{\"@type\":\"ListItem\",\"position\":3,\"name\":\"Convegni, Conferenze e Mostre\"}]},{\"@type\":\"WebSite\",\"@id\":\"https:\\\/\\\/archiviocompagnonifloriani.com\\\/home\\\/#website\",\"url\":\"https:\\\/\\\/archiviocompagnonifloriani.com\\\/home\\\/\",\"name\":\"Archivio Compagnoni Floriani di Villamagna\",\"description\":\"Archivio Compagnoni Floriani di Villamagna\",\"potentialAction\":[{\"@type\":\"SearchAction\",\"target\":{\"@type\":\"EntryPoint\",\"urlTemplate\":\"https:\\\/\\\/archiviocompagnonifloriani.com\\\/home\\\/?s={search_term_string}\"},\"query-input\":{\"@type\":\"PropertyValueSpecification\",\"valueRequired\":true,\"valueName\":\"search_term_string\"}}],\"inLanguage\":\"it-IT\"}]}<\/script>\n<!-- \/ Yoast SEO plugin. -->","yoast_head_json":{"title":"Convegni, Conferenze e Mostre - Archivio Compagnoni Floriani di Villamagna","robots":{"index":"index","follow":"follow","max-snippet":"max-snippet:-1","max-image-preview":"max-image-preview:large","max-video-preview":"max-video-preview:-1"},"canonical":"https:\/\/archiviocompagnonifloriani.com\/home\/pubblicazioni\/convegni-conferenze-e-mostre\/","og_locale":"it_IT","og_type":"article","og_title":"Convegni, Conferenze e Mostre - Archivio Compagnoni Floriani di Villamagna","og_description":"Convegni Osimo &#8211; 26 Novembre 2000 Aula Magna Palazzo Comunale Assessorato alle attivit\u00e0 culturali &#8211; Rotary Club Celebrazione per il IV centenario Pompeo Floriani &nbsp; &nbsp; &nbsp; &nbsp; &nbsp; Macerata 28\/05\/2004 &#8211; 06\/06\/2004\u00a0\u00a0\u00a0\u00a0Pinacoteca Comunale\u00a0\u00a0\u00a0\u00a0Ministero per i Beni e le Attivit\u00e0 Culturali Soprintendenza Regionale per i Beni e le Attivit\u00e0 Culturali delle Marche\u00a0\u00a0\u00a0\u00a0VI settimana della Cultura\u00a0\u00a0&#8211;\u00a0\u00a0Presentazione [&hellip;]","og_url":"https:\/\/archiviocompagnonifloriani.com\/home\/pubblicazioni\/convegni-conferenze-e-mostre\/","og_site_name":"Archivio Compagnoni Floriani di Villamagna","article_modified_time":"2015-11-08T22:23:03+00:00","og_image":[{"url":"http:\/\/www.archiviocompagnonifloriani.com\/home\/wp-content\/uploads\/2014\/08\/macchina_stampa.jpg","type":"","width":"","height":""}],"twitter_card":"summary_large_image","twitter_misc":{"Tempo di lettura stimato":"4 minuti"},"schema":{"@context":"https:\/\/schema.org","@graph":[{"@type":"WebPage","@id":"https:\/\/archiviocompagnonifloriani.com\/home\/pubblicazioni\/convegni-conferenze-e-mostre\/","url":"https:\/\/archiviocompagnonifloriani.com\/home\/pubblicazioni\/convegni-conferenze-e-mostre\/","name":"Convegni, Conferenze e Mostre - Archivio Compagnoni Floriani di Villamagna","isPartOf":{"@id":"https:\/\/archiviocompagnonifloriani.com\/home\/#website"},"primaryImageOfPage":{"@id":"https:\/\/archiviocompagnonifloriani.com\/home\/pubblicazioni\/convegni-conferenze-e-mostre\/#primaryimage"},"image":{"@id":"https:\/\/archiviocompagnonifloriani.com\/home\/pubblicazioni\/convegni-conferenze-e-mostre\/#primaryimage"},"thumbnailUrl":"http:\/\/www.archiviocompagnonifloriani.com\/home\/wp-content\/uploads\/2014\/08\/macchina_stampa.jpg","datePublished":"2014-08-16T16:17:53+00:00","dateModified":"2015-11-08T22:23:03+00:00","breadcrumb":{"@id":"https:\/\/archiviocompagnonifloriani.com\/home\/pubblicazioni\/convegni-conferenze-e-mostre\/#breadcrumb"},"inLanguage":"it-IT","potentialAction":[{"@type":"ReadAction","target":["https:\/\/archiviocompagnonifloriani.com\/home\/pubblicazioni\/convegni-conferenze-e-mostre\/"]}]},{"@type":"ImageObject","inLanguage":"it-IT","@id":"https:\/\/archiviocompagnonifloriani.com\/home\/pubblicazioni\/convegni-conferenze-e-mostre\/#primaryimage","url":"http:\/\/www.archiviocompagnonifloriani.com\/home\/wp-content\/uploads\/2014\/08\/macchina_stampa.jpg","contentUrl":"http:\/\/www.archiviocompagnonifloriani.com\/home\/wp-content\/uploads\/2014\/08\/macchina_stampa.jpg"},{"@type":"BreadcrumbList","@id":"https:\/\/archiviocompagnonifloriani.com\/home\/pubblicazioni\/convegni-conferenze-e-mostre\/#breadcrumb","itemListElement":[{"@type":"ListItem","position":1,"name":"Home","item":"https:\/\/archiviocompagnonifloriani.com\/home\/"},{"@type":"ListItem","position":2,"name":"Pubblicazioni","item":"https:\/\/archiviocompagnonifloriani.com\/home\/pubblicazioni\/"},{"@type":"ListItem","position":3,"name":"Convegni, Conferenze e Mostre"}]},{"@type":"WebSite","@id":"https:\/\/archiviocompagnonifloriani.com\/home\/#website","url":"https:\/\/archiviocompagnonifloriani.com\/home\/","name":"Archivio Compagnoni Floriani di Villamagna","description":"Archivio Compagnoni Floriani di Villamagna","potentialAction":[{"@type":"SearchAction","target":{"@type":"EntryPoint","urlTemplate":"https:\/\/archiviocompagnonifloriani.com\/home\/?s={search_term_string}"},"query-input":{"@type":"PropertyValueSpecification","valueRequired":true,"valueName":"search_term_string"}}],"inLanguage":"it-IT"}]}},"_links":{"self":[{"href":"https:\/\/archiviocompagnonifloriani.com\/home\/wp-json\/wp\/v2\/pages\/244","targetHints":{"allow":["GET"]}}],"collection":[{"href":"https:\/\/archiviocompagnonifloriani.com\/home\/wp-json\/wp\/v2\/pages"}],"about":[{"href":"https:\/\/archiviocompagnonifloriani.com\/home\/wp-json\/wp\/v2\/types\/page"}],"author":[{"embeddable":true,"href":"https:\/\/archiviocompagnonifloriani.com\/home\/wp-json\/wp\/v2\/users\/2"}],"replies":[{"embeddable":true,"href":"https:\/\/archiviocompagnonifloriani.com\/home\/wp-json\/wp\/v2\/comments?post=244"}],"version-history":[{"count":5,"href":"https:\/\/archiviocompagnonifloriani.com\/home\/wp-json\/wp\/v2\/pages\/244\/revisions"}],"predecessor-version":[{"id":258,"href":"https:\/\/archiviocompagnonifloriani.com\/home\/wp-json\/wp\/v2\/pages\/244\/revisions\/258"}],"up":[{"embeddable":true,"href":"https:\/\/archiviocompagnonifloriani.com\/home\/wp-json\/wp\/v2\/pages\/218"}],"wp:attachment":[{"href":"https:\/\/archiviocompagnonifloriani.com\/home\/wp-json\/wp\/v2\/media?parent=244"}],"curies":[{"name":"wp","href":"https:\/\/api.w.org\/{rel}","templated":true}]}}