{"id":506,"date":"2016-07-21T10:43:45","date_gmt":"2016-07-21T08:43:45","guid":{"rendered":"http:\/\/www.archiviocompagnonifloriani.com\/home\/?page_id=506"},"modified":"2017-03-11T04:04:10","modified_gmt":"2017-03-11T03:04:10","slug":"genealogia","status":"publish","type":"page","link":"https:\/\/archiviocompagnonifloriani.com\/home\/storia-della-famiglia\/genealogia\/","title":{"rendered":"Genealogia"},"content":{"rendered":"<p style=\"text-align: justify;\"><img loading=\"lazy\" decoding=\"async\" class=\" wp-image-75 alignnone\" src=\"http:\/\/www.archiviocompagnonifloriani.com\/home\/wp-content\/uploads\/2014\/08\/scritta.jpg\" alt=\"\" width=\"403\" height=\"243\" data-id=\"75\" \/><\/p>\n<p style=\"text-align: justify;\"><strong>Il primo documento in ordine cronologico custodito nell\u2019archivio Compagnoni Floriani consiste in una pergamena risalente al 1060, menzionata da Pompeo Compagnoni senior nella sua <i>Reggia Picena<\/i>, recentemente catalogata ed ora in fase di studio, testimonianza del \u00ab <i>cognomentus<\/i> \u00bb Compagnone.<\/strong><\/p>\n<hr \/>\n<p style=\"text-align: justify;\"><strong>Abbreviazioni<\/strong><br \/>\nACF &#8211; Archivio Compagnoni Floriani di Villamagna<br \/>\nv &#8211; vivente<br \/>\nc &#8211; circa<br \/>\nms &#8211; manoscritto<\/p>\n<p style=\"text-align: justify;\"><span style=\"color: #ffffff;\">.<\/span><\/p>\n<h2 style=\"text-align: center;\"><strong>La famiglia Compagnoni Floriani dalle origini<\/strong><\/h2>\n<p><center><span style=\"color: #ffffff;\">.<\/span><\/center><\/p>\n<p style=\"text-align: justify;\"><span style=\"color: #b55731;\">*<\/span>\u00a0Atto o Ottifredo, vivente nell\u2019 890<br \/>\n<span style=\"color: #b55731;\">*<\/span>\u00a0Da Atto, Grimaldo I\u00b0, v. nel 925<br \/>\n<span style=\"color: #b55731;\">*<\/span>\u00a0Da Grimaldo I\u00b0, Pietro, v. nel 940<br \/>\n<span style=\"color: #b55731;\">*<\/span>\u00a0Da Pietro, Atto o Alberto il Seniore, v. nel 958<br \/>\n<span style=\"color: #b55731;\">*<\/span>\u00a0Da Atto o Alberto il Seniore, Gagiburga, Berardo, Carbone, Alberto e Grimaldo II\u00b0, v. nel 1055<br \/>\n<span style=\"color: #b55731;\">*<\/span>\u00a0Da Grimaldo II\u00b0, Censio, Carbone, Rustico e Alberto, conte di Lornano, v. nel 1108<br \/>\n<span style=\"color: #b55731;\">*<\/span>\u00a0Da Alberto, conte di Lornano, Grimaldo III\u00b0<br \/>\n<span style=\"color: #b55731;\">*<\/span>\u00a0Da Grimaldo III\u00b0 , Alberto, condottiero di Federico I\u00b0 e Console, conte di Villamagna, troviamo menzione sin dall&#8217;anno 1195<br \/>\n<span style=\"color: #b55731;\">*<\/span>\u00a0Da Alberto, Compagnone II\u00b0 v. nel 1215<br \/>\n<span style=\"color: #b55731;\">*<\/span>\u00a0Da Compagnone II\u00b0, Albertuccio, che fu ghibellino nel 1226<br \/>\n<span style=\"color: #b55731;\">*<\/span>\u00a0Da Albertuccio, Compagnone III\u00b0, v. nel 1268<br \/>\n<span style=\"color: #b55731;\">*<\/span>\u00a0Da Compagnone III\u00b0, Bartolomeo I\u00b0 , v. nel 1283<br \/>\n<span style=\"color: #b55731;\">*<\/span>\u00a0Da Bartolomeo I\u00b0, Compagnone IV\u00b0, che risulta aver fatto parte di un Consiglio di credenza di 200 membri nel 1344<br \/>\n<span style=\"color: #b55731;\">*<\/span>\u00a0Da Compagnone IV\u00b0, Francesco che fu inviato ambasciatore a Bonifacio IX nel 1373 e Bartolomeo, pi\u00f9 volte ricordato nel libro dei Decreti dal 1377 al 1423, ora nei Consigli Generali, ora in quelli di Credenza, ora in diversi pubblici uffici, ora nel Magistrato dei Priori<br \/>\n<span style=\"color: #b55731;\">*<\/span>\u00a0Da Bartolomeo, Marco, che fu eletto podest\u00e0 della terra di Force; ottenne pi\u00f9 tardi il primo posto fra i magnifici priori della Citt\u00e0; nell&#8217;anno 1443 fu inviato Ambasciatore al Campo del Re D&#8217;Aragona, e, nell&#8217;ottobre del 1445, Ambasciatore presso i commissari pontifici per trattare la resa della Citt\u00e0; il 10 Agosto 1456 fu Nunzio e oratore ad un Parlamento della Provincia, tenuto in Ancona; nel 1447 fu eletto con altri quattro Deputati a formare l&#8217;antico statuto della citt\u00e0 di Macerata. Fu celebrato nei funerali dell&#8217;erudito scrittore Nicola della Rocca, la cui orazione si conserva nell&#8217;Archivio di famiglia<br \/>\n<span style=\"color: #b55731;\">*<\/span>\u00a0Da Marco, Piero &#8211; suo figlio maggiore &#8211; fu Priore nel 1461, Gonfaloniere e Ambasciatore al Vescovo di Aquila nel 1467 il cui nipote Pietro di Marozzo fu ambasciatore a Paolo III\u00b0 nel 1538, al Cardinal Farnese nel 1539, e al Papa Giulio III\u00b0 nel 1550 e Giovanni Battista seniore, fratello di Piero, che fece parte del Consiglio di Credenza nel 1469, venne eletto Priore nel 1470, e nel 1479 fu inviato quale ambasciatore al Card. Venieri da Recanati<br \/>\n<span style=\"color: #b55731;\">*<\/span>\u00a0Da Giovanni Battista seniore, Giuliano, il cui figlio Cesare , fece parte del Consiglio di Credenza e del Magistrato dei Priori negli anni 1512 &#8211; 1517 e Francesco detto Ceccone primogenito.<\/p>\n<p style=\"text-align: justify;\"><span style=\"color: #ffffff;\">.<\/span><\/p>\n<p><center><img loading=\"lazy\" decoding=\"async\" class=\"\" src=\"http:\/\/www.archiviocompagnonifloriani.com\/home\/wp-content\/uploads\/2014\/08\/decorazione_1.jpg\" alt=\"\" width=\"538\" height=\"80\" \/><\/center><center><span style=\"color: #ffffff;\">.<\/span><\/center><\/p>\n<h2 style=\"text-align: center;\"><strong>Dei vari rami, nei quali nel corso del tempo<\/strong><br \/>\n<strong> si era suddivisa la Famiglia, ne sopravvivevano<\/strong><br \/>\n<strong> solo due, e precisamente:<\/strong><\/h2>\n<p style=\"text-align: center;\"><span style=\"color: #ffffff;\">.<\/span><\/p>\n<p style=\"text-align: justify;\">&#8211; l&#8217;uno derivante da un Francesco o Ceccone di Giovanbattista seniore, del 1511; ramo distintosi poi con il nome di Compagnoni Floriani a seguito del matrimonio di Giuliano di Giovanbattista juniore con Angela Floriani ( fine 1500 ): dai quali, Pompeo, erede universale dello zio materno Pietro Paolo Floriani, ed anche del nome, del titolo e dei predicati nobiliari gi\u00e0 ad esso spettanti ( Granara 54 ).<\/p>\n<p style=\"text-align: justify;\">&#8211; l&#8217;altro, derivante da un Giuliano di Giovanbattista seniore, del 1520 &#8211; fratello minore del predetto Ceccone ( Granara 43 ): ramo distintosi poi con il nome di Compagnoni Marefoschi, a seguito del matrimonio di G. Francesco di Mario con Maria Giulia Marefoschi ( 1712 ). ( Enc. Storico &#8211; Nob. It. Vol. II\u00b0 lett. c pag.518 &#8211; Libro della Nobilt\u00e0 It. &#8211; Elenco Uff. Nob. it. ).<\/p>\n<h2 style=\"text-align: center;\">\u00a0<img decoding=\"async\" class=\"alignright\" style=\"border: #b55731 1px solid;\" src=\"http:\/\/www.archiviocompagnonifloriani.com\/home\/wp-content\/uploads\/2014\/08\/alberoolio_right.jpg\" alt=\"\" \/><img decoding=\"async\" class=\"alignleft\" style=\"border: #b55731 1px solid;\" src=\"http:\/\/www.archiviocompagnonifloriani.com\/home\/wp-content\/uploads\/2014\/08\/alberoolio_left.jpg\" alt=\"\" \/><strong>Il ramo Compagnoni Floriani<\/strong> <strong>\u00e8 tuttora esistente:<\/strong><\/h2>\n<p style=\"text-align: justify;\"><span style=\"color: #b55731;\">~<\/span>\u00a0Francesco o Ceccone di Giovanbattista seniore ( 1504 &#8211; 1545 ) fu &#8220;uomo esperto ne&#8217; maneggi di guerra; ed uno de&#8217; Deputati a ricevere il Card. Degli Accolti nel 1532&#8221;; ebbe da Lucrezia Costa due figli: Antonio, Castellano della Fortezza di Silena; e Giovambattista Juniore ( 1542 &#8211; 1583 ), &#8220;uomo eruditissimo e di singolare religiosit\u00e0&#8221;, creato Cavaliere e Conte palatino Lateranense, sposo di Imperia De&#8217; Guidoni, nobildonna appartenente a famiglia originaria di Perugia.<\/p>\n<p style=\"text-align: justify;\"><span style=\"color: #b55731;\">~<\/span>\u00a0Da Giovambattista Juniore, Giuliano ( 1583 &#8211; 1637 ) che contrasse matrimonio con Angela Floriani, figlia di Pompeo Floriani, eroe nella battaglia di Lepanto, al servizio di don Giovanni d&#8217;Austria (1572-1574) nella crociata contro i turchi, e sorella di Pietro Paolo Floriani, valenti condottieri ed insigni ingegneri i cui scritti, alcuni tuttora inediti, si conservano nell&#8217;archivio di Famiglia.<\/p>\n<p style=\"text-align: justify;\"><span style=\"color: #b55731;\">~<\/span>\u00a0Da Giuliano, sposo di Angela Floriani,\u00a0il Capitan Mario segnalatosi nella Battaglia di Praga; il Capitan Camillo che milit\u00f2 con il Piccolomini in Italia ed in Germania ( Granara 5 ); le sorelle Francesca e Teodora e Pompeo seniore ( 1602 \u2013 1675\u00a0) gi\u00e0 ricordato come erede universale di Pietro Paolo Floriani.<\/p>\n<p style=\"text-align: justify;\"><span style=\"color: #b55731;\">~<\/span>\u00a0Da Pompeo seniore, uomo eruditissimo ed autore di un&#8217;opera storica di vasta mole, la &#8220;Reggia Picena&#8221;, e Margherita Filippucci, Pietro Paolo, filosofo e teologo ( 1687 &#8211; 1720 ) ;\u00a0Giuliano; Mario; Camillo; le sorelle Angelina e Maria<\/p>\n<p style=\"text-align: justify;\"><span style=\"color: #b55731;\">~<\/span>\u00a0Da Pietro Paolo e Girolama Ricci, Pompeo Juniore (1693 \u2013 1774), gi\u00e0 ricordato quale Vescovo di Osimo e di Cingoli, ed Ignazio ( 1728 &#8211; 1769 ).<\/p>\n<p style=\"text-align: justify;\"><span style=\"color: #b55731;\">~<\/span>\u00a0Da Ignazio e da Angela Amici, Giuliano, canonico Lateranense; Pietro Paolo, Cavaliere Gerosomilitano e Giuseppantonio, letterato,deceduti senza prole ;Francesco abate canonico della cattedrale della sua citt\u00e0 ; e Mario, Comes S.R.I. ( + 1802 ).<\/p>\n<p style=\"text-align: justify;\"><span style=\"color: #b55731;\">~<\/span>\u00a0Da Mario e da Francesca Ricci, Camillo, morto senza prole; Pompeo, la cui discendenza si estinse con Claudia di Tito in Vitali ( princ. 1900 ); Pietro Paolo, la cui discendenza si estinse con Achille e Adele di Averardo in Lauri ( princ. 1900 ); Ignazio ( 1774 &#8211; 1851 ).<\/p>\n<p style=\"text-align: justify;\"><span style=\"color: #b55731;\">~<\/span>\u00a0Da Ignazio, Giov. Battista morto giovanissimo senza prole; e Giulio ( 1814 &#8211; 1878 ).<\/p>\n<p style=\"text-align: justify;\"><span style=\"color: #b55731;\">~<\/span>\u00a0Da Giulio e da Rachele Marini, Mario, dottore in legge e studioso, sposo a Maria Righi, deceduto senza prole il 27 Gennaio 1938; Giuseppe, Colonnello di Cavalleria, Cav. della Corona d&#8217;Italia, Cav. Mauriziano, Cav. Della Corona di Prussia di II\u00b0 Classe, croce d&#8217;oro per anzianit\u00e0 di servizio, deceduto senza prole il 17 Marzo 1919; e Giovanni Battista, primogenito ( 1853 &#8211; 1918 ).<\/p>\n<p style=\"text-align: justify;\"><span style=\"color: #b55731;\">~<\/span>\u00a0Da Giovanni Battista e da Vittoria Prosperi Flaviani, Alberto ( n.1892 ) Capitano nell&#8217;Arma di Artiglieria, medaglia di bronzo al valor militare, croce merito di guerra, med. commemorativa Libia, med. guerra 1915 \/ 1918, sposato con Obdulia Reseda, e Giulia ( n.1853 ).<\/p>\n<p style=\"text-align: justify;\"><span style=\"color: #b55731;\">~<\/span>\u00a0Da Giulia e da Sigismondo Compagnucci ( n.1867 ) Cav. della Corona d&#8217;Italia, Eros Alberto ( n.29 Settembre 1906 \/ 30 Dicembre 1981 ), e Carlo ( n.14 Marzo 1908 &#8211; disperso in Russia, senza prole ). Eros Compagnoni Floriani, omologato con decreto della R. Corte di appello di Ancona in data 10 Novembre 1937, assumeva anche il cognome materno Compagnoni Floriani.<\/p>\n<p style=\"text-align: justify;\"><span style=\"color: #b55731;\">~<\/span>\u00a0Da Eros Alberto e Valeria Giacomini, Carla ( n.29 Ottobre 1948 ).<\/p>\n<p style=\"text-align: justify;\"><span style=\"color: #b55731;\">~<\/span>\u00a0Da Carla, Valentina ( n.19 Aprile 1978 ) e Veronica ( n.14 Luglio 1982 ), che il 30 Dicembre 2004, con decreto del Ministero dell&#8217;Interno, hanno ottenuto l&#8217;autorizzazione all&#8217;assunzione del solo cognome storico materno, Compagnoni Floriani.<\/p>\n<p style=\"text-align: justify;\">In archivio \u00e8 conservato il diploma originale con cui l&#8217;imperatore Ferdinando II, in Vienna, nel 21 ottobre 1622 concede a Pietro Paolo Floriani il titolo di conte da estendersi anche ai i suoi discendenti di entrambi i sessi. In esso \u00e8 presente una miniatura rappresentante lo stemma dell&#8217;imperatore.<\/p>\n<p><center><img decoding=\"async\" style=\"border: #B45634 1px solid;\" src=\"http:\/\/www.archiviocompagnonifloriani.com\/home\/wp-content\/uploads\/2014\/08\/v_left.jpg\" alt=\"\" \/>\u00a0\u00a0\u00a0\u00a0\u00a0\u00a0\u00a0\u00a0\u00a0\u00a0\u00a0\u00a0\u00a0\u00a0<img decoding=\"async\" style=\"border: #B45634 1px solid;\" src=\"http:\/\/www.archiviocompagnonifloriani.com\/home\/wp-content\/uploads\/2014\/08\/v_right.jpg\" alt=\"\" \/><\/center><\/p>\n","protected":false},"excerpt":{"rendered":"<p>Il primo documento in ordine cronologico custodito nell\u2019archivio Compagnoni Floriani consiste in una pergamena risalente al 1060, menzionata da Pompeo Compagnoni senior nella sua Reggia Picena, recentemente catalogata ed ora in fase di studio, testimonianza del \u00ab cognomentus \u00bb Compagnone. Abbreviazioni ACF &#8211; Archivio Compagnoni Floriani di Villamagna v &#8211; vivente c &#8211; circa ms [&hellip;]<\/p>\n","protected":false},"author":2,"featured_media":0,"parent":500,"menu_order":0,"comment_status":"closed","ping_status":"closed","template":"","meta":{"_et_pb_use_builder":"","_et_pb_old_content":"","_et_gb_content_width":"","footnotes":""},"class_list":["post-506","page","type-page","status-publish","hentry"],"yoast_head":"<!-- This site is optimized with the Yoast SEO plugin v27.6 - https:\/\/yoast.com\/product\/yoast-seo-wordpress\/ -->\n<title>Genealogia - Archivio Compagnoni Floriani di Villamagna<\/title>\n<meta name=\"robots\" content=\"index, follow, max-snippet:-1, max-image-preview:large, max-video-preview:-1\" \/>\n<link rel=\"canonical\" href=\"https:\/\/archiviocompagnonifloriani.com\/home\/storia-della-famiglia\/genealogia\/\" \/>\n<meta property=\"og:locale\" content=\"it_IT\" \/>\n<meta property=\"og:type\" content=\"article\" \/>\n<meta property=\"og:title\" content=\"Genealogia - Archivio Compagnoni Floriani di Villamagna\" \/>\n<meta property=\"og:description\" content=\"Il primo documento in ordine cronologico custodito nell\u2019archivio Compagnoni Floriani consiste in una pergamena risalente al 1060, menzionata da Pompeo Compagnoni senior nella sua Reggia Picena, recentemente catalogata ed ora in fase di studio, testimonianza del \u00ab cognomentus \u00bb Compagnone. Abbreviazioni ACF &#8211; Archivio Compagnoni Floriani di Villamagna v &#8211; vivente c &#8211; circa ms [&hellip;]\" \/>\n<meta property=\"og:url\" content=\"https:\/\/archiviocompagnonifloriani.com\/home\/storia-della-famiglia\/genealogia\/\" \/>\n<meta property=\"og:site_name\" content=\"Archivio Compagnoni Floriani di Villamagna\" \/>\n<meta property=\"article:modified_time\" content=\"2017-03-11T03:04:10+00:00\" \/>\n<meta property=\"og:image\" content=\"http:\/\/www.archiviocompagnonifloriani.com\/home\/wp-content\/uploads\/2014\/08\/scritta.jpg\" \/>\n<meta name=\"twitter:card\" content=\"summary_large_image\" \/>\n<meta name=\"twitter:label1\" content=\"Tempo di lettura stimato\" \/>\n\t<meta name=\"twitter:data1\" content=\"5 minuti\" \/>\n<script type=\"application\/ld+json\" class=\"yoast-schema-graph\">{\"@context\":\"https:\\\/\\\/schema.org\",\"@graph\":[{\"@type\":\"WebPage\",\"@id\":\"https:\\\/\\\/archiviocompagnonifloriani.com\\\/home\\\/storia-della-famiglia\\\/genealogia\\\/\",\"url\":\"https:\\\/\\\/archiviocompagnonifloriani.com\\\/home\\\/storia-della-famiglia\\\/genealogia\\\/\",\"name\":\"Genealogia - Archivio Compagnoni Floriani di Villamagna\",\"isPartOf\":{\"@id\":\"https:\\\/\\\/archiviocompagnonifloriani.com\\\/home\\\/#website\"},\"primaryImageOfPage\":{\"@id\":\"https:\\\/\\\/archiviocompagnonifloriani.com\\\/home\\\/storia-della-famiglia\\\/genealogia\\\/#primaryimage\"},\"image\":{\"@id\":\"https:\\\/\\\/archiviocompagnonifloriani.com\\\/home\\\/storia-della-famiglia\\\/genealogia\\\/#primaryimage\"},\"thumbnailUrl\":\"http:\\\/\\\/www.archiviocompagnonifloriani.com\\\/home\\\/wp-content\\\/uploads\\\/2014\\\/08\\\/scritta.jpg\",\"datePublished\":\"2016-07-21T08:43:45+00:00\",\"dateModified\":\"2017-03-11T03:04:10+00:00\",\"breadcrumb\":{\"@id\":\"https:\\\/\\\/archiviocompagnonifloriani.com\\\/home\\\/storia-della-famiglia\\\/genealogia\\\/#breadcrumb\"},\"inLanguage\":\"it-IT\",\"potentialAction\":[{\"@type\":\"ReadAction\",\"target\":[\"https:\\\/\\\/archiviocompagnonifloriani.com\\\/home\\\/storia-della-famiglia\\\/genealogia\\\/\"]}]},{\"@type\":\"ImageObject\",\"inLanguage\":\"it-IT\",\"@id\":\"https:\\\/\\\/archiviocompagnonifloriani.com\\\/home\\\/storia-della-famiglia\\\/genealogia\\\/#primaryimage\",\"url\":\"http:\\\/\\\/www.archiviocompagnonifloriani.com\\\/home\\\/wp-content\\\/uploads\\\/2014\\\/08\\\/scritta.jpg\",\"contentUrl\":\"http:\\\/\\\/www.archiviocompagnonifloriani.com\\\/home\\\/wp-content\\\/uploads\\\/2014\\\/08\\\/scritta.jpg\"},{\"@type\":\"BreadcrumbList\",\"@id\":\"https:\\\/\\\/archiviocompagnonifloriani.com\\\/home\\\/storia-della-famiglia\\\/genealogia\\\/#breadcrumb\",\"itemListElement\":[{\"@type\":\"ListItem\",\"position\":1,\"name\":\"Home\",\"item\":\"https:\\\/\\\/archiviocompagnonifloriani.com\\\/home\\\/\"},{\"@type\":\"ListItem\",\"position\":2,\"name\":\"Storia della Famiglia\",\"item\":\"https:\\\/\\\/archiviocompagnonifloriani.com\\\/home\\\/storia-della-famiglia\\\/\"},{\"@type\":\"ListItem\",\"position\":3,\"name\":\"Genealogia\"}]},{\"@type\":\"WebSite\",\"@id\":\"https:\\\/\\\/archiviocompagnonifloriani.com\\\/home\\\/#website\",\"url\":\"https:\\\/\\\/archiviocompagnonifloriani.com\\\/home\\\/\",\"name\":\"Archivio Compagnoni Floriani di Villamagna\",\"description\":\"Archivio Compagnoni Floriani di Villamagna\",\"potentialAction\":[{\"@type\":\"SearchAction\",\"target\":{\"@type\":\"EntryPoint\",\"urlTemplate\":\"https:\\\/\\\/archiviocompagnonifloriani.com\\\/home\\\/?s={search_term_string}\"},\"query-input\":{\"@type\":\"PropertyValueSpecification\",\"valueRequired\":true,\"valueName\":\"search_term_string\"}}],\"inLanguage\":\"it-IT\"}]}<\/script>\n<!-- \/ Yoast SEO plugin. -->","yoast_head_json":{"title":"Genealogia - Archivio Compagnoni Floriani di Villamagna","robots":{"index":"index","follow":"follow","max-snippet":"max-snippet:-1","max-image-preview":"max-image-preview:large","max-video-preview":"max-video-preview:-1"},"canonical":"https:\/\/archiviocompagnonifloriani.com\/home\/storia-della-famiglia\/genealogia\/","og_locale":"it_IT","og_type":"article","og_title":"Genealogia - Archivio Compagnoni Floriani di Villamagna","og_description":"Il primo documento in ordine cronologico custodito nell\u2019archivio Compagnoni Floriani consiste in una pergamena risalente al 1060, menzionata da Pompeo Compagnoni senior nella sua Reggia Picena, recentemente catalogata ed ora in fase di studio, testimonianza del \u00ab cognomentus \u00bb Compagnone. Abbreviazioni ACF &#8211; Archivio Compagnoni Floriani di Villamagna v &#8211; vivente c &#8211; circa ms [&hellip;]","og_url":"https:\/\/archiviocompagnonifloriani.com\/home\/storia-della-famiglia\/genealogia\/","og_site_name":"Archivio Compagnoni Floriani di Villamagna","article_modified_time":"2017-03-11T03:04:10+00:00","og_image":[{"url":"http:\/\/www.archiviocompagnonifloriani.com\/home\/wp-content\/uploads\/2014\/08\/scritta.jpg","type":"","width":"","height":""}],"twitter_card":"summary_large_image","twitter_misc":{"Tempo di lettura stimato":"5 minuti"},"schema":{"@context":"https:\/\/schema.org","@graph":[{"@type":"WebPage","@id":"https:\/\/archiviocompagnonifloriani.com\/home\/storia-della-famiglia\/genealogia\/","url":"https:\/\/archiviocompagnonifloriani.com\/home\/storia-della-famiglia\/genealogia\/","name":"Genealogia - Archivio Compagnoni Floriani di Villamagna","isPartOf":{"@id":"https:\/\/archiviocompagnonifloriani.com\/home\/#website"},"primaryImageOfPage":{"@id":"https:\/\/archiviocompagnonifloriani.com\/home\/storia-della-famiglia\/genealogia\/#primaryimage"},"image":{"@id":"https:\/\/archiviocompagnonifloriani.com\/home\/storia-della-famiglia\/genealogia\/#primaryimage"},"thumbnailUrl":"http:\/\/www.archiviocompagnonifloriani.com\/home\/wp-content\/uploads\/2014\/08\/scritta.jpg","datePublished":"2016-07-21T08:43:45+00:00","dateModified":"2017-03-11T03:04:10+00:00","breadcrumb":{"@id":"https:\/\/archiviocompagnonifloriani.com\/home\/storia-della-famiglia\/genealogia\/#breadcrumb"},"inLanguage":"it-IT","potentialAction":[{"@type":"ReadAction","target":["https:\/\/archiviocompagnonifloriani.com\/home\/storia-della-famiglia\/genealogia\/"]}]},{"@type":"ImageObject","inLanguage":"it-IT","@id":"https:\/\/archiviocompagnonifloriani.com\/home\/storia-della-famiglia\/genealogia\/#primaryimage","url":"http:\/\/www.archiviocompagnonifloriani.com\/home\/wp-content\/uploads\/2014\/08\/scritta.jpg","contentUrl":"http:\/\/www.archiviocompagnonifloriani.com\/home\/wp-content\/uploads\/2014\/08\/scritta.jpg"},{"@type":"BreadcrumbList","@id":"https:\/\/archiviocompagnonifloriani.com\/home\/storia-della-famiglia\/genealogia\/#breadcrumb","itemListElement":[{"@type":"ListItem","position":1,"name":"Home","item":"https:\/\/archiviocompagnonifloriani.com\/home\/"},{"@type":"ListItem","position":2,"name":"Storia della Famiglia","item":"https:\/\/archiviocompagnonifloriani.com\/home\/storia-della-famiglia\/"},{"@type":"ListItem","position":3,"name":"Genealogia"}]},{"@type":"WebSite","@id":"https:\/\/archiviocompagnonifloriani.com\/home\/#website","url":"https:\/\/archiviocompagnonifloriani.com\/home\/","name":"Archivio Compagnoni Floriani di Villamagna","description":"Archivio Compagnoni Floriani di Villamagna","potentialAction":[{"@type":"SearchAction","target":{"@type":"EntryPoint","urlTemplate":"https:\/\/archiviocompagnonifloriani.com\/home\/?s={search_term_string}"},"query-input":{"@type":"PropertyValueSpecification","valueRequired":true,"valueName":"search_term_string"}}],"inLanguage":"it-IT"}]}},"_links":{"self":[{"href":"https:\/\/archiviocompagnonifloriani.com\/home\/wp-json\/wp\/v2\/pages\/506","targetHints":{"allow":["GET"]}}],"collection":[{"href":"https:\/\/archiviocompagnonifloriani.com\/home\/wp-json\/wp\/v2\/pages"}],"about":[{"href":"https:\/\/archiviocompagnonifloriani.com\/home\/wp-json\/wp\/v2\/types\/page"}],"author":[{"embeddable":true,"href":"https:\/\/archiviocompagnonifloriani.com\/home\/wp-json\/wp\/v2\/users\/2"}],"replies":[{"embeddable":true,"href":"https:\/\/archiviocompagnonifloriani.com\/home\/wp-json\/wp\/v2\/comments?post=506"}],"version-history":[{"count":4,"href":"https:\/\/archiviocompagnonifloriani.com\/home\/wp-json\/wp\/v2\/pages\/506\/revisions"}],"predecessor-version":[{"id":616,"href":"https:\/\/archiviocompagnonifloriani.com\/home\/wp-json\/wp\/v2\/pages\/506\/revisions\/616"}],"up":[{"embeddable":true,"href":"https:\/\/archiviocompagnonifloriani.com\/home\/wp-json\/wp\/v2\/pages\/500"}],"wp:attachment":[{"href":"https:\/\/archiviocompagnonifloriani.com\/home\/wp-json\/wp\/v2\/media?parent=506"}],"curies":[{"name":"wp","href":"https:\/\/api.w.org\/{rel}","templated":true}]}}