{"id":782,"date":"2024-01-12T18:59:40","date_gmt":"2024-01-12T17:59:40","guid":{"rendered":"https:\/\/www.fanaticovps.com\/floriani\/?page_id=782"},"modified":"2024-01-12T18:59:40","modified_gmt":"2024-01-12T17:59:40","slug":"archivio-storico","status":"publish","type":"page","link":"https:\/\/archiviocompagnonifloriani.com\/home\/archivio-storico\/","title":{"rendered":"Archivio Storico"},"content":{"rendered":"<p style=\"text-align: justify;\"><img loading=\"lazy\" decoding=\"async\" class=\"alignleft size-full wp-image-45\" src=\"http:\/\/www.archiviocompagnonifloriani.com\/home\/wp-content\/uploads\/2014\/08\/angeli.jpg\" alt=\"\" width=\"134\" height=\"223\" data-id=\"45\" \/><strong>L&#8217; Archivio privato Compagnoni Floriani di Villamagna, dichiarato di notevole interesse storico dalla Sovrintendenza Archivistica per le Marche il 28-10-1964 e pertanto sottoposto alla disciplina prevista dal D.P.R. 30\/09\/1965, n\u00b0 1409, \u00e8 conservato e tuttora custodito dai diretti discendenti nel casino di caccia della met\u00e0 del &#8216;500 edificato dalla famiglia, situato a Montanello, nel comune di Macerata. Lo stesso immobile \u00e8 dichiarato di interesse storico-architettonico particolarmente importante dal 20 dicembre 2000 e quindi, come l&#8217;Archivio, sottoposto a tutte le disposizioni di tutela.<\/strong><\/p>\n<p style=\"text-align: justify;\">L&#8217; Archivio \u00e8 composto dai fondi delle famiglie:<\/p>\n<p style=\"text-align: justify;\"><span style=\"color: #b55731;\">~<\/span> Compagnoni ( fra cui: Pompeo Senior, 1602-1675, autore della &#8220;Reggia Picena&#8221; &#8211; Pompeo Junior, 1663-1774, storico e Vescovo di Osimo e Cingoli);<br \/>\n<span style=\"color: #b55731;\">~<\/span> Floriani ( fra cui; Pompeo, 1545-1600, ingegnere militare, combattente a Tunisi e Lepanto, Generale delle Armi in Avignone; Pietro Paolo, 1585-1638, ingegnere militare al servizio della Spagna, dell&#8217;Impero e del Pontefice, autore delle fortificazioni di Malta dette le &#8220;Floriane&#8221;).<\/p>\n<hr \/>\n<p style=\"text-align: justify;\"><strong>L&#8217;archivio comprende<\/strong><\/p>\n<p style=\"text-align: justify;\"><img loading=\"lazy\" decoding=\"async\" class=\"alignright size-full wp-image-50\" src=\"http:\/\/www.archiviocompagnonifloriani.com\/home\/wp-content\/uploads\/2014\/08\/angeli2.jpg\" alt=\"\" width=\"147\" height=\"240\" data-id=\"50\" \/>Sessantanove pergamene (1062-1770) ed importante materiale cartaceo, costituito da lettere di personaggi della famiglia Aldobrandini, Barberini, Gonzaga, etc. oppure relative ad avvenimenti militari nei Sec. XVI-XVII, relazioni sulle fortificazioni musulmane di Algeri e di Tunisi e su imprese militari (Algeri), i manoscritti originali di opere come la &#8220;Difesa e Offesa delle Piazze&#8221; di Pietro Paolo Floriani e la &#8220;Reggia Picena&#8221; di Pompeo Compagnoni, copie di lettere a Sovrani in diverse epoche, mappe e disegni, nonch\u00e8 materiale documentario relativo alla storia locale (Macerata), etc.<\/p>\n<ul>\n<li><span style=\"color: #497489;\"><a href=\"http:\/\/www.archiviocompagnonifloriani.com\/home\/wp-content\/uploads\/2014\/08\/inventario_1812.pdf\" target=\"_blank\" rel=\"noopener\"><span style=\"color: #497489;\">Inventario dell\u2019archivio privato della famiglia Compagnoni Floriani di Villamagna (Macerata) a cura di Ignazio Compagnoni &#8211; 1812<\/span><\/a><\/span><\/li>\n<li><span style=\"color: #497489;\"><a href=\"http:\/\/www.archiviocompagnonifloriani.com\/home\/wp-content\/uploads\/2014\/08\/zenobi.pdf\" target=\"_blank\" rel=\"noopener\"><span style=\"color: #497489;\">Inventario dell\u2019archivio privato della famiglia Compagnoni Floriani di Villamagna (Macerata) a cura del Sovrintendente Prof. Bandino G. Zenobi \u2013 1972<\/span><\/a><\/span><\/li>\n<li><span style=\"color: #497489;\">Inventario dell\u2019archivio Compagnoni della famiglia dei conti Compagnoni Floriani di Villamagna in Macerata &#8211; 2015<\/span><\/li>\n<\/ul>\n","protected":false},"excerpt":{"rendered":"<p>L&#8217; Archivio privato Compagnoni Floriani di Villamagna, dichiarato di notevole interesse storico dalla Sovrintendenza Archivistica per le Marche il 28-10-1964 e pertanto sottoposto alla disciplina prevista dal D.P.R. 30\/09\/1965, n\u00b0 1409, \u00e8 conservato e tuttora custodito dai diretti discendenti nel casino di caccia della met\u00e0 del &#8216;500 edificato dalla famiglia, situato a Montanello, nel comune [&hellip;]<\/p>\n","protected":false},"author":2,"featured_media":0,"parent":0,"menu_order":0,"comment_status":"closed","ping_status":"closed","template":"","meta":{"_et_pb_use_builder":"","_et_pb_old_content":"","_et_gb_content_width":"","footnotes":""},"class_list":["post-782","page","type-page","status-publish","hentry"],"yoast_head":"<!-- This site is optimized with the Yoast SEO plugin v27.5 - https:\/\/yoast.com\/product\/yoast-seo-wordpress\/ -->\n<title>Archivio Storico - Archivio Compagnoni Floriani di Villamagna<\/title>\n<meta name=\"robots\" content=\"index, follow, max-snippet:-1, max-image-preview:large, max-video-preview:-1\" \/>\n<link rel=\"canonical\" href=\"https:\/\/archiviocompagnonifloriani.com\/home\/archivio-storico\/\" \/>\n<meta property=\"og:locale\" content=\"it_IT\" \/>\n<meta property=\"og:type\" content=\"article\" \/>\n<meta property=\"og:title\" content=\"Archivio Storico - Archivio Compagnoni Floriani di Villamagna\" \/>\n<meta property=\"og:description\" content=\"L&#8217; Archivio privato Compagnoni Floriani di Villamagna, dichiarato di notevole interesse storico dalla Sovrintendenza Archivistica per le Marche il 28-10-1964 e pertanto sottoposto alla disciplina prevista dal D.P.R. 30\/09\/1965, n\u00b0 1409, \u00e8 conservato e tuttora custodito dai diretti discendenti nel casino di caccia della met\u00e0 del &#8216;500 edificato dalla famiglia, situato a Montanello, nel comune [&hellip;]\" \/>\n<meta property=\"og:url\" content=\"https:\/\/archiviocompagnonifloriani.com\/home\/archivio-storico\/\" \/>\n<meta property=\"og:site_name\" content=\"Archivio Compagnoni Floriani di Villamagna\" \/>\n<meta property=\"og:image\" content=\"http:\/\/www.archiviocompagnonifloriani.com\/home\/wp-content\/uploads\/2014\/08\/angeli.jpg\" \/>\n<meta name=\"twitter:card\" content=\"summary_large_image\" \/>\n<meta name=\"twitter:label1\" content=\"Tempo di lettura stimato\" \/>\n\t<meta name=\"twitter:data1\" content=\"1 minuto\" \/>\n<script type=\"application\/ld+json\" class=\"yoast-schema-graph\">{\"@context\":\"https:\\\/\\\/schema.org\",\"@graph\":[{\"@type\":\"WebPage\",\"@id\":\"https:\\\/\\\/archiviocompagnonifloriani.com\\\/home\\\/archivio-storico\\\/\",\"url\":\"https:\\\/\\\/archiviocompagnonifloriani.com\\\/home\\\/archivio-storico\\\/\",\"name\":\"Archivio Storico - Archivio Compagnoni Floriani di Villamagna\",\"isPartOf\":{\"@id\":\"https:\\\/\\\/archiviocompagnonifloriani.com\\\/home\\\/#website\"},\"primaryImageOfPage\":{\"@id\":\"https:\\\/\\\/archiviocompagnonifloriani.com\\\/home\\\/archivio-storico\\\/#primaryimage\"},\"image\":{\"@id\":\"https:\\\/\\\/archiviocompagnonifloriani.com\\\/home\\\/archivio-storico\\\/#primaryimage\"},\"thumbnailUrl\":\"http:\\\/\\\/www.archiviocompagnonifloriani.com\\\/home\\\/wp-content\\\/uploads\\\/2014\\\/08\\\/angeli.jpg\",\"datePublished\":\"2024-01-12T17:59:40+00:00\",\"breadcrumb\":{\"@id\":\"https:\\\/\\\/archiviocompagnonifloriani.com\\\/home\\\/archivio-storico\\\/#breadcrumb\"},\"inLanguage\":\"it-IT\",\"potentialAction\":[{\"@type\":\"ReadAction\",\"target\":[\"https:\\\/\\\/archiviocompagnonifloriani.com\\\/home\\\/archivio-storico\\\/\"]}]},{\"@type\":\"ImageObject\",\"inLanguage\":\"it-IT\",\"@id\":\"https:\\\/\\\/archiviocompagnonifloriani.com\\\/home\\\/archivio-storico\\\/#primaryimage\",\"url\":\"http:\\\/\\\/www.archiviocompagnonifloriani.com\\\/home\\\/wp-content\\\/uploads\\\/2014\\\/08\\\/angeli.jpg\",\"contentUrl\":\"http:\\\/\\\/www.archiviocompagnonifloriani.com\\\/home\\\/wp-content\\\/uploads\\\/2014\\\/08\\\/angeli.jpg\"},{\"@type\":\"BreadcrumbList\",\"@id\":\"https:\\\/\\\/archiviocompagnonifloriani.com\\\/home\\\/archivio-storico\\\/#breadcrumb\",\"itemListElement\":[{\"@type\":\"ListItem\",\"position\":1,\"name\":\"Home\",\"item\":\"https:\\\/\\\/archiviocompagnonifloriani.com\\\/home\\\/\"},{\"@type\":\"ListItem\",\"position\":2,\"name\":\"Archivio Storico\"}]},{\"@type\":\"WebSite\",\"@id\":\"https:\\\/\\\/archiviocompagnonifloriani.com\\\/home\\\/#website\",\"url\":\"https:\\\/\\\/archiviocompagnonifloriani.com\\\/home\\\/\",\"name\":\"Archivio Compagnoni Floriani di Villamagna\",\"description\":\"Archivio Compagnoni Floriani di Villamagna\",\"potentialAction\":[{\"@type\":\"SearchAction\",\"target\":{\"@type\":\"EntryPoint\",\"urlTemplate\":\"https:\\\/\\\/archiviocompagnonifloriani.com\\\/home\\\/?s={search_term_string}\"},\"query-input\":{\"@type\":\"PropertyValueSpecification\",\"valueRequired\":true,\"valueName\":\"search_term_string\"}}],\"inLanguage\":\"it-IT\"}]}<\/script>\n<!-- \/ Yoast SEO plugin. -->","yoast_head_json":{"title":"Archivio Storico - Archivio Compagnoni Floriani di Villamagna","robots":{"index":"index","follow":"follow","max-snippet":"max-snippet:-1","max-image-preview":"max-image-preview:large","max-video-preview":"max-video-preview:-1"},"canonical":"https:\/\/archiviocompagnonifloriani.com\/home\/archivio-storico\/","og_locale":"it_IT","og_type":"article","og_title":"Archivio Storico - Archivio Compagnoni Floriani di Villamagna","og_description":"L&#8217; Archivio privato Compagnoni Floriani di Villamagna, dichiarato di notevole interesse storico dalla Sovrintendenza Archivistica per le Marche il 28-10-1964 e pertanto sottoposto alla disciplina prevista dal D.P.R. 30\/09\/1965, n\u00b0 1409, \u00e8 conservato e tuttora custodito dai diretti discendenti nel casino di caccia della met\u00e0 del &#8216;500 edificato dalla famiglia, situato a Montanello, nel comune [&hellip;]","og_url":"https:\/\/archiviocompagnonifloriani.com\/home\/archivio-storico\/","og_site_name":"Archivio Compagnoni Floriani di Villamagna","og_image":[{"url":"http:\/\/www.archiviocompagnonifloriani.com\/home\/wp-content\/uploads\/2014\/08\/angeli.jpg","type":"","width":"","height":""}],"twitter_card":"summary_large_image","twitter_misc":{"Tempo di lettura stimato":"1 minuto"},"schema":{"@context":"https:\/\/schema.org","@graph":[{"@type":"WebPage","@id":"https:\/\/archiviocompagnonifloriani.com\/home\/archivio-storico\/","url":"https:\/\/archiviocompagnonifloriani.com\/home\/archivio-storico\/","name":"Archivio Storico - Archivio Compagnoni Floriani di Villamagna","isPartOf":{"@id":"https:\/\/archiviocompagnonifloriani.com\/home\/#website"},"primaryImageOfPage":{"@id":"https:\/\/archiviocompagnonifloriani.com\/home\/archivio-storico\/#primaryimage"},"image":{"@id":"https:\/\/archiviocompagnonifloriani.com\/home\/archivio-storico\/#primaryimage"},"thumbnailUrl":"http:\/\/www.archiviocompagnonifloriani.com\/home\/wp-content\/uploads\/2014\/08\/angeli.jpg","datePublished":"2024-01-12T17:59:40+00:00","breadcrumb":{"@id":"https:\/\/archiviocompagnonifloriani.com\/home\/archivio-storico\/#breadcrumb"},"inLanguage":"it-IT","potentialAction":[{"@type":"ReadAction","target":["https:\/\/archiviocompagnonifloriani.com\/home\/archivio-storico\/"]}]},{"@type":"ImageObject","inLanguage":"it-IT","@id":"https:\/\/archiviocompagnonifloriani.com\/home\/archivio-storico\/#primaryimage","url":"http:\/\/www.archiviocompagnonifloriani.com\/home\/wp-content\/uploads\/2014\/08\/angeli.jpg","contentUrl":"http:\/\/www.archiviocompagnonifloriani.com\/home\/wp-content\/uploads\/2014\/08\/angeli.jpg"},{"@type":"BreadcrumbList","@id":"https:\/\/archiviocompagnonifloriani.com\/home\/archivio-storico\/#breadcrumb","itemListElement":[{"@type":"ListItem","position":1,"name":"Home","item":"https:\/\/archiviocompagnonifloriani.com\/home\/"},{"@type":"ListItem","position":2,"name":"Archivio Storico"}]},{"@type":"WebSite","@id":"https:\/\/archiviocompagnonifloriani.com\/home\/#website","url":"https:\/\/archiviocompagnonifloriani.com\/home\/","name":"Archivio Compagnoni Floriani di Villamagna","description":"Archivio Compagnoni Floriani di Villamagna","potentialAction":[{"@type":"SearchAction","target":{"@type":"EntryPoint","urlTemplate":"https:\/\/archiviocompagnonifloriani.com\/home\/?s={search_term_string}"},"query-input":{"@type":"PropertyValueSpecification","valueRequired":true,"valueName":"search_term_string"}}],"inLanguage":"it-IT"}]}},"_links":{"self":[{"href":"https:\/\/archiviocompagnonifloriani.com\/home\/wp-json\/wp\/v2\/pages\/782","targetHints":{"allow":["GET"]}}],"collection":[{"href":"https:\/\/archiviocompagnonifloriani.com\/home\/wp-json\/wp\/v2\/pages"}],"about":[{"href":"https:\/\/archiviocompagnonifloriani.com\/home\/wp-json\/wp\/v2\/types\/page"}],"author":[{"embeddable":true,"href":"https:\/\/archiviocompagnonifloriani.com\/home\/wp-json\/wp\/v2\/users\/2"}],"replies":[{"embeddable":true,"href":"https:\/\/archiviocompagnonifloriani.com\/home\/wp-json\/wp\/v2\/comments?post=782"}],"version-history":[{"count":1,"href":"https:\/\/archiviocompagnonifloriani.com\/home\/wp-json\/wp\/v2\/pages\/782\/revisions"}],"predecessor-version":[{"id":783,"href":"https:\/\/archiviocompagnonifloriani.com\/home\/wp-json\/wp\/v2\/pages\/782\/revisions\/783"}],"wp:attachment":[{"href":"https:\/\/archiviocompagnonifloriani.com\/home\/wp-json\/wp\/v2\/media?parent=782"}],"curies":[{"name":"wp","href":"https:\/\/api.w.org\/{rel}","templated":true}]}}